{"id":3998,"date":"2021-12-09T12:28:35","date_gmt":"2021-12-09T11:28:35","guid":{"rendered":"https:\/\/www.positrigo.com\/clinical-services\/"},"modified":"2022-03-07T10:27:50","modified_gmt":"2022-03-07T09:27:50","slug":"clinical-services","status":"publish","type":"page","link":"https:\/\/www.positrigo.com\/de\/clinical-services\/","title":{"rendered":"Klinische Dienstleistungen"},"content":{"rendered":"\n\n<section id=\"res-text-bild-block_61a62b123d5be\" class=\"res-block res-text-bild alignwide layout01 py-4\" style=\"background: transparent;\">\n  <div class=\"inner-container container-off\" data-aos=\"res-fadeIn\">\n\n\t\t\t  <style>\n\t\t\t @media only screen and (min-width: 970px) {\n\t\t\t  #res-text-bild-block_61a62b123d5be.res-text-bild .layout-1 .txt-imagebox.offset-md-1 {margin-left: 5%;}\n\t\t\t  #res-text-bild-block_61a62b123d5be.res-text-bild .layout-1 .txt-box.offset-md-1 {margin-left: 5%;}\n\t\t\t}\n\t\t\t \n\t\t  <\/style>\n\n\n        <div class=\"layout-1 row flex-row-reverse\">\n\t\t\t<div class=\"col-md-7 txt-box offset-md-1\">\n\n\n\t\t\t\t\t\t\t   <h1>Klinische Dienstleistungen<\/h1>\n\t\t\t\t\n\t\t\t\t\t\t\t\t\n\t\t\t\t\n\n\t\t\t\t <div class=\"txt-text postContent pt-2 pt-md-1\">\n\t\t\t\t\t\t\t\t\t\t  <p>Unser erfahrenes Team f\u00fcr die klinische Anwendungen freut sich darauf, mit Ihren Klinikern zusammen zu arbeiten, um eine reibungslose und erfolgreiche Schulung zu gew\u00e4hrleisten. NeuroLF ist sehr intuitiv zu bedienen und zusammen mit der Unterst\u00fctzung unserer klinischen Experten streben wir vom ersten Tag eine effiziente und produktive Nutzung des Systems an.<\/p>\n\t\t\t\t\t\n\t\t\t\t\t \n\t\t\t\t\t\t\t\t\t\t  <p class=\"txt-arrow pt-1 pl-md-2\"><a class=\"scrollerTo\" href=\"#sektion02\"><i class=\"fal fa-chevron-down\" aria-hidden=\"true\"><\/i><\/a><\/p>\n\t\t\t\t\t\n\t\t\t\t<\/div>\n\n\n\t\t\t<\/div>\n\n\t\t\t<div class=\"col-md mb-2 mt-md-1 txt-imagebox \">\n\t\t\t\t\t\t\t\t\t\t<img loading=\"lazy\" decoding=\"async\" width=\"800\" height=\"800\" src=\"https:\/\/www.positrigo.com\/wp-content\/uploads\/2021\/12\/header-brain-800x800.jpg\" class=\"img-fluid w-100 txt-img\" alt=\"\" srcset=\"https:\/\/www.positrigo.com\/wp-content\/uploads\/2021\/12\/header-brain-800x800.jpg 800w, https:\/\/www.positrigo.com\/wp-content\/uploads\/2021\/12\/header-brain-150x150.jpg 150w\" sizes=\"auto, (max-width: 800px) 100vw, 800px\" \/>\t\t\t\t\t\t\t<\/div>\n\n\t\t<\/div>\n\n\n\t\n\t<\/div>\n<\/section>\n\n\n\n\n<section id=\"sektion02\" >\n\t\t\t\n\t\t\n<\/section>\n\n\n\n<section id=\"res-txt-block_61b1e87fadfec\" class=\"res-block res-txt alignfull layout03 pt-4\" style=\"background-color: #f2f2f2;\">\n  <div class=\"inner-container container-wide\" data-aos=\"res-fadeIn\">\n \n\t\t  \n\t<div class=\"layout-3 title-only-section \">\n\t\t<div class=\"row\">\t\n\t\t\t\n\t\t\t\n\t\t  \n\t\t\t\n\t\t\t\n\t\t\t<div class=\"col-md-12 var-1spalten text-left \">\n\t\t\t\t\n\t\t\t\t<div class=\"txt-title-field \">\n\t\n\t\t\t\t\t\n\n\t\t\t\t  \n\t\t\t\t\t<h2>Vom Anfang bis zum Ende<\/h2>\n\t\t\t\t\n\t\t\t\t\t\n\t\t\t\t\t \n\t\t\t\t\t<\/div> \n\t\t\t\t\t\n\t\t\t\t\n\t\t\t\t\t <div class=\"title-only-btns  \">\n\t\t\t\t\t\t  \n\t\t\t\t\t<\/div> \n\t\t\t\t\n\t\t\t\t\t\t\n\t\n\t\t\t\t<\/div>\n\t\t\t<\/div>\n\t\t<\/div>\n\n  \n\t \n\t  \n \n \n\t<\/div>\n<\/section>\n\n\n\n\n\n<section id=\"res-txt-block_61b1eaaf7e157\" class=\"res-block res-txt alignfull layout02 pb-4\" style=\"background-color: #f2f2f2;\">\n  <div class=\"inner-container container-wide\" data-aos=\"res-fadeIn\">\n \n\t\t  \n\t\t  <style>\n\t\t @media only screen and (min-width: 970px) {\n\t\t  #res-txt-block_61b1eaaf7e157.res-txt .layout-2 .spalten-abstand { margin-right: 9%;} \n\t  <\/style>\n\t      \n    <div class=\"layout-2 txt-editor-spalten\">\n     <div class=\"row row-cols-1 row-cols-md- no-gutters\">\n\t \n\t\t \n        <!--   Spaltentext Loop Row  -->\n                                   <div class=\"col\">\n                     <div class=\"postContent\">\n\n                    <!--  Spalten Repeater  -->\n                                           \n                      <div class=\"row text-spalten-Box no-gutters \"> \n\n                            <div class=\"col-md-7 text-spalten-spalte01\">\n                                <div class=\"spalten-abstand\">\n                                <p>Neben der anf\u00e4nglichen Produktschulung sind wir immer zur Stelle, um unsere Kunden zu unterst\u00fctzen. Wir bieten Schulungen nach Bedarf f\u00fcr neue Mitarbeiter an und\/oder bereiten Weiterbildungsm\u00f6glichkeiten f\u00fcr bereits ausgebildete Kliniker vor. Melden Sie sich f\u00fcr unseren klinischen Newsletter an, um \u00fcber folgende Themen auf dem Laufenden zu bleiben:<\/p>\n                                <\/div>     \n                            <\/div>\n\n                            <div class=\"col-md text-spalten-spalte02\">\n                              <ul>\n<li>Klinische Schulungen nach Bedarf<\/li>\n<li>Kostenlose Webinars<\/li>\n<li>Fallbeispiele und Whitepapers<\/li>\n<li>Weiterbildungsm\u00f6glichkeiten<\/li>\n<\/ul>\n                            <\/div>\n\n                      <\/div>\t\t\t\n\n                                           \n                    <\/div>\n                 <\/div>\n\n                        \n\n            <\/div> \n        <\/div>  \n\t \n\t  \n \n \n\t<\/div>\n<\/section>\n\n","protected":false},"excerpt":{"rendered":"","protected":false},"author":1,"featured_media":0,"parent":0,"menu_order":0,"comment_status":"closed","ping_status":"closed","template":"","meta":{"content-type":"","footnotes":""},"class_list":["post-3998","page","type-page","status-publish","hentry"],"_links":{"self":[{"href":"https:\/\/www.positrigo.com\/de\/wp-json\/wp\/v2\/pages\/3998","targetHints":{"allow":["GET"]}}],"collection":[{"href":"https:\/\/www.positrigo.com\/de\/wp-json\/wp\/v2\/pages"}],"about":[{"href":"https:\/\/www.positrigo.com\/de\/wp-json\/wp\/v2\/types\/page"}],"author":[{"embeddable":true,"href":"https:\/\/www.positrigo.com\/de\/wp-json\/wp\/v2\/users\/1"}],"replies":[{"embeddable":true,"href":"https:\/\/www.positrigo.com\/de\/wp-json\/wp\/v2\/comments?post=3998"}],"version-history":[{"count":7,"href":"https:\/\/www.positrigo.com\/de\/wp-json\/wp\/v2\/pages\/3998\/revisions"}],"predecessor-version":[{"id":4430,"href":"https:\/\/www.positrigo.com\/de\/wp-json\/wp\/v2\/pages\/3998\/revisions\/4430"}],"wp:attachment":[{"href":"https:\/\/www.positrigo.com\/de\/wp-json\/wp\/v2\/media?parent=3998"}],"curies":[{"name":"wp","href":"https:\/\/api.w.org\/{rel}","templated":true}]}}