{"id":4000,"date":"2021-11-16T14:26:29","date_gmt":"2021-11-16T13:26:29","guid":{"rendered":"https:\/\/www.positrigo.com\/contact\/"},"modified":"2022-03-08T08:03:33","modified_gmt":"2022-03-08T07:03:33","slug":"contact","status":"publish","type":"page","link":"https:\/\/www.positrigo.com\/de\/contact\/","title":{"rendered":"Kontakt"},"content":{"rendered":"\n<div style=\"height:100px\" aria-hidden=\"true\" class=\"wp-block-spacer\"><\/div>\n\n\n\n<div class=\"wp-block-columns alignwide is-layout-flex wp-container-core-columns-is-layout-9d6595d7 wp-block-columns-is-layout-flex\">\n<div class=\"wp-block-column is-layout-flow wp-block-column-is-layout-flow\" style=\"flex-basis:30%\">\n\n<section id=\"res-txt-block_613207a8e45e3\" class=\"res-block res-txt layout03 py-3\" style=\"background: transparent;\">\n  <div class=\"inner-container container-off\" data-aos=\"res-fadeIn\">\n \n\t\t  \n\t<div class=\"layout-3 title-only-section \">\n\t\t<div class=\"row\">\t\n\t\t\t\n\t\t\t\n\t\t  \n\t\t\t\n\t\t\t\n\t\t\t<div class=\"col-md-12 var-1spalten text-left \">\n\t\t\t\t\n\t\t\t\t<div class=\"txt-title-field \">\n\t\n\t\t\t\t\t\t\t\t   <h1>Kontakt<\/h1>\n\t\t\t\t\t\n\n\t\t\t\t\n\t\t\t\t\t\n\t\t\t\t\t \n\t\t\t\t\t<\/div> \n\t\t\t\t\t\n\t\t\t\t\n\t\t\t\t\t <div class=\"title-only-btns  \">\n\t\t\t\t\t\t  \n\t\t\t\t\t<\/div> \n\t\t\t\t\n\t\t\t\t\t\t\n\t\n\t\t\t\t<\/div>\n\t\t\t<\/div>\n\t\t<\/div>\n\n  \n\t \n\t  \n \n \n\t<\/div>\n<\/section>\n\n\n\n\n<div id=\"res-footer-adresse-block_61372e62f276a\" class=\" res-footer-adresse col-md-12 p-no\">\n\t<div class=\"res-widget-footer footer-adress\" data-aos=u0022res-fadeInu0022>\n\t\t\n\t  \t\t  \t\t\t\t\t<h4>Adresse<\/h4>\n\t\t\t\t\t\t  \n\t\t<address>\n\t\t\tPositrigo AG<br>\n\t\t\tTechnoparkstrasse 1<br>\n\t\t\t\n\t\t\t \n\t\t\t\tZeppelin Wing, 5. Stock, B\u00fcros 5009-5010<br>\n\t\t\t\t\t\t\n\t\t\t8005  Z\u00fcrich<br>\n\t\t\t\t\t<\/address>\n\t\t\t\t\t\n\t  \t\t\t\t\t\t\t\n\n\t\t\n\t<\/div>\n<\/div><\/div>\n\n\n\n<div class=\"wp-block-column is-layout-flow wp-block-column-is-layout-flow\"><style>\n\t@media only screen and (min-width: 970px) {\n\t\t#googleMapsBox-res-google-maps-block_6131ec986edc1{ height: 400px;}\n\t}\n\t@media only screen and (max-width: 970px) {\n\t\t#googleMapsBox-res-google-maps-block_6131ec986edc1{ height: 250px;}\n\t}\n<\/style>\n\n\n<section id=\"res-google-maps-block_6131ec986edc1\" class=\"res-google-maps py-3\" style=\"background-color: background: transparent;\">\n\t<div class=\"inner-container container-off\" data-aos=\"res-fadeIn\">\n\n\n\t\t<!-- google maps -->\n\t\t<div class=\"google-maps\">\n\t\t\t<script type=\"text\/javascript\" src=\"https:\/\/maps.googleapis.com\/maps\/api\/js?key=AIzaSyDFjbYY2fvdLX0P7gm5wuWPyG-4rXVc-T4&#038;js?v=3\"><\/script>\n\t\t\t<script type=\"text\/javascript\">\n\t\t\t\tlet markers = [];\n\t\t\t\tlet activeInfoWindow;\n\n\t\t\t\tfunction zeroPad(num, places) {\n\t\t\t\t\tvar zero = places - num.toString().length + 1;\n\t\t\t\t\treturn Array(+(zero > 0 && zero)).join(\"0\") + num;\n\t\t\t\t}\n\t\t\t\tfunction initialize() {\n\n\t\t\t\t\tlet contentString = '';\n\t\t\t\t\tlet infowindow;\n\n\t\t\t\t\tbounds = new google.maps.LatLngBounds();\n\n\t\t\t\t\tvar mapOptions = {\n\t\t\t\t\t\tscrollwheel: true,\n\t\t\t\t\t\tmapTypeId: google.maps.MapTypeId.ROADMAP\n\t\t\t\t\t};\n\n\t\t\t\t\t\t\t\t\t\tmapOptions.center = new google.maps.LatLng( 47.39033244111716, 8.516210671866904 )\n\t\t\t\t\tbounds.extend(mapOptions.center);\n\t\t\t\t\t\t\t\t\t\t\t\t\t\t\tmapOptions.zoom = 12;\n\t\t\t\t\t\n\t\t\t\t\tvar map = new google.maps.Map(document.getElementById(\"googleMapsBox-res-google-maps-block_6131ec986edc1\"), mapOptions);\n\t\t\t\t\tvar styles = [\r\n    {\r\n        \"featureType\": \"administrative\",\r\n        \"elementType\": \"labels.text.fill\",\r\n        \"stylers\": [\r\n            {\r\n                \"color\": \"#444444\"\r\n            }\r\n        ]\r\n    },\r\n    {\r\n        \"featureType\": \"landscape\",\r\n        \"elementType\": \"all\",\r\n        \"stylers\": [\r\n            {\r\n                \"color\": \"#f2f2f2\"\r\n            }\r\n        ]\r\n    },\r\n    {\r\n        \"featureType\": \"poi\",\r\n        \"elementType\": \"all\",\r\n        \"stylers\": [\r\n            {\r\n                \"visibility\": \"off\"\r\n            }\r\n        ]\r\n    },\r\n    {\r\n        \"featureType\": \"road\",\r\n        \"elementType\": \"all\",\r\n        \"stylers\": [\r\n            {\r\n                \"saturation\": -100\r\n            },\r\n            {\r\n                \"lightness\": 45\r\n            }\r\n        ]\r\n    },\r\n    {\r\n        \"featureType\": \"road.highway\",\r\n        \"elementType\": \"all\",\r\n        \"stylers\": [\r\n            {\r\n                \"visibility\": \"simplified\"\r\n            }\r\n        ]\r\n    },\r\n    {\r\n        \"featureType\": \"road.arterial\",\r\n        \"elementType\": \"labels.icon\",\r\n        \"stylers\": [\r\n            {\r\n                \"visibility\": \"off\"\r\n            }\r\n        ]\r\n    },\r\n    {\r\n        \"featureType\": \"transit\",\r\n        \"elementType\": \"all\",\r\n        \"stylers\": [\r\n            {\r\n                \"visibility\": \"off\"\r\n            }\r\n        ]\r\n    },\r\n    {\r\n        \"featureType\": \"water\",\r\n        \"elementType\": \"all\",\r\n        \"stylers\": [\r\n            {\r\n                \"color\": \"#0090bc\"\r\n            },\r\n            {\r\n                \"visibility\": \"on\"\r\n            }\r\n        ]\r\n    }\r\n];\n\n\t\t\t\t\tmap.setOptions({styles: styles});\n\n\t\t\t\t\t\n\t\t\t\t\tcontentString =\n\t\t\t\t\t\t'<div class=\"google-maps-tooltop\">' +\n\t\t\t\t\t\t'<h3 class=\"map-overlayer-title\">Positrigo AG<\/h3>' +\n\t\t\t\t\t\t'<div class=\"map-overlayer-text\">' +\n\t\t\t\t\t\t'Medizintechnikhersteller<br\/>' +\n\t\t\t\t\t\t'Technoparkstrasse 1<br\/>' +\n\t\t\t\t\t\t'8005 Z\u00fcrich<br\/>' +\n\t\t\t\t\t\t'' +\n\t\t\t\t\t\t'<\/br>' +\n\t\t\t\t\t\t'' +\n\t\t\t\t\t\t'<a href=\"https:\/\/www.positrigo.com\" target=\"_blank\">https:\/\/www.positrigo.com<\/a><br\/>' +\n\t\t\t\t\t\t'' +\n\t\t\t\t\t\t\"<\/div>\" +\n\t\t\t\t\t\t\"<\/div>\";\n\t\t\t\t\tinfowindow = new google.maps.InfoWindow({\n\t\t\t\t\t\tcontent: contentString,\n\t\t\t\t\t});\n\n\n\n\t\t\t\t\taddMarker({\n\t\t\t\t\t\t'position': new google.maps.LatLng( 47.39033244111716, 8.516210671866904 ),\n\t\t\t\t\t\t\/\/'url': '\/\/',\n\t\t\t\t\t\t'icon': {\n\t\t\t\t\t\t\turl: 'https:\/\/www.positrigo.com\/wp-content\/uploads\/2021\/12\/maps-icon.png',\n\t\t\t\t\t\t\tscaledSize: new google.maps.Size(90, 90),\n\t\t\t\t\t\t\t\/\/ origin: new google.maps.Point(0, 0),\n\t\t\t\t\t\t\t\/\/ anchor: new google.maps.Point(0, 0)\n\t\t\t\t\t\t}\n\t\t\t\t\t}, map, 1, infowindow)\n\t\t\t\t\t\n\t\t\t\t}\n\t\t\t\t\/\/ Adds a marker to the map and push to the array.\n\t\t\t\tfunction addMarker(marker_data, map, label, infowindow) {\n\t\t\t\t\tconst marker = new google.maps.Marker({\n\t\t\t\t\t\tposition: marker_data.position,\n\t\t\t\t\t\ticon: marker_data.icon,\n\/\/\t\t\t\t\t\tlabel: {\n\/\/\/\/\t\t\t\t\t\t\ttext: zeroPad(label.toString(), 2),\n\/\/\t\t\t\t\t\t\tcolor: '#ffffff',\n\/\/\t\t\t\t\t\t},\n\t\t\t\t\t\tmap: map,\n\t\t\t\t\t});\n\n\t\t\t\t\tmarker.addListener('click', function(){\n\t\t\t\t\t\tif (activeInfoWindow) { activeInfoWindow.close();}\n\t\t\t\t\t\tactiveInfoWindow = infowindow;\n\t\t\t\t\t\tinfowindow.open({\n\t\t\t\t\t\t\tanchor: marker,\n\t\t\t\t\t\t\tmap,\n\t\t\t\t\t\t\tshouldFocus: false,\n\t\t\t\t\t\t});\n\n\t\t\t\t\t});\n\t\t\t\t\tmarkers.push(marker);\n\t\t\t\t}\n\n\t\t\t\tgoogle.maps.event.addDomListener(window, 'load', initialize);\n\t\t\t<\/script>\n\n\t\t\t<div id=\"googleMapsBox-res-google-maps-block_6131ec986edc1\" class=\"\">\n\t\t\t<\/div>\n\n\t\t\n\t<\/div>\n\n\n\t<\/div>\n<\/section>\n\n<\/div>\n<\/div>\n\n\n\n<div style=\"height:30px\" aria-hidden=\"true\" class=\"wp-block-spacer\"><\/div>\n\n\n\n<section id=\"form\" class=\"res-link-anker alignfull py-4\" style=\"background-color: #f2f2f2;\">\n\t<div class=\"inner-container container\" data-aos=\"res-fadeIn\">\t\t\n\t\t\t<form method=\"post\" enctype=\"multipart\/form-data\" id=\"vfbp-form-3\" onSubmit=\"gtag('event', 'formular-event', {event_category: 'kontaktformular-gesendet', event_action: 'btn-klickt'});\" class=\"vfbp-form\"><div style=\"display:none;\"><label for=\"vfbp-EMAIL-AN8fuQyoDLXem\">Wenn Sie ein Mensch sind, lassen Sie dieses Feld leer.<\/label><input size=\"25\" autocomplete=\"off\" type=\"text\" name=\"vfbp-EMAIL-AN8fuQyoDLXem\" value=\"\" id=\"\"><\/div><input type=\"hidden\" name=\"_vfb-timestamp-3\" value=\"1775906417\" id=\"\"><input type=\"hidden\" name=\"_vfb-form-id\" value=\"3\" id=\"\"><div class=\"vfb-form-group vfb-col-12\"><div><h2 class=\"\"><\/h2><\/div><\/div><div class=\"vfb-col-12 vfb-fieldType-heading\" id=\"vfbField16\"><\/div><div class=\"vfb-clearfix\"><\/div><div class=\"vfb-col-6 vfb-fieldType-text\" id=\"vfbField17\"><div class=\"vfb-form-group\"><label for=\"vfb-field-17\" class=\"vfb-control-label\">Vorname <span class=\"vfb-required-asterisk\">*<\/span><\/label><div><input id=\"vfb-field-17\" class=\"vfb-form-control\" placeholder=\"Vorname*\" required=\"required\" type=\"text\" name=\"vfb-field-17\" value=\"\"><\/div><\/div><\/div><div class=\"vfb-col-6 vfb-fieldType-text\" id=\"vfbField18\"><div class=\"vfb-form-group\"><label for=\"vfb-field-18\" class=\"vfb-control-label\">Nachname <span class=\"vfb-required-asterisk\">*<\/span><\/label><div><input id=\"vfb-field-18\" class=\"vfb-form-control\" placeholder=\"Nachname*\" required=\"required\" type=\"text\" name=\"vfb-field-18\" value=\"\"><\/div><\/div><\/div><div class=\"vfb-clearfix\"><\/div><div class=\"vfb-col-12 vfb-fieldType-email\" id=\"vfbField19\"><div class=\"vfb-form-group\"><label for=\"vfb-field-19\" class=\"vfb-control-label\">E-Mail <span class=\"vfb-required-asterisk\">*<\/span><\/label><div><input id=\"vfb-field-19\" class=\"vfb-form-control\" placeholder=\"E-Mail*\" required=\"required\" type=\"email\" name=\"vfb-field-19\" value=\"\"><\/div><\/div><\/div><div class=\"vfb-clearfix\"><\/div><div class=\"vfb-col-12 vfb-fieldType-text\" id=\"vfbField20\"><div class=\"vfb-form-group\"><label for=\"vfb-field-20\" class=\"vfb-control-label\">Thema<\/label><div><input id=\"vfb-field-20\" class=\"vfb-form-control\" placeholder=\"Thema*\" type=\"text\" name=\"vfb-field-20\" value=\"\"><\/div><\/div><\/div><div class=\"vfb-clearfix\"><\/div><div class=\"vfb-col-12 vfb-fieldType-textarea\" id=\"vfbField21\"><div class=\"vfb-form-group\"><label for=\"vfb-field-21\" class=\"vfb-control-label\">Nachricht<\/label><div><textarea id=\"vfb-field-21\" class=\"vfb-form-control\" placeholder=\"Nachricht\" rows=\"10\" name=\"vfb-field-21\" cols=\"50\"><\/textarea><\/div><\/div><\/div><div class=\"vfb-clearfix\"><\/div><div class=\"vfb-col-8 vfb-fieldType-captcha\" id=\"vfbField22\"><div class=\"vfb-form-group\"><label for=\"vfb-field-22\" class=\"vfb-control-label\">Captcha <span class=\"vfb-required-asterisk\">*<\/span><\/label><div><div><\/div><input type=\"hidden\" name=\"_vfb_captcha_simple_enabled\" value=\"1\" id=\"\"><input id=\"vfb-field-22\" class=\"vfb-form-control form-count\" placeholder=\"\" required=\"required\" data-vfb-required=\"1\" data-vfb-type=\"integer\" data-vfb-minlength=\"2\" data-vfb-maxlength=\"2\" type=\"text\" name=\"_vfb_captcha_simple-3\" value=\"\"><span class=\"vfb-help-block\">Zur Sicherheits\u00fcberpr\u00fcfung geben Sie bitte eine zuf\u00e4llige zweistellige Zahl ein. Zum Beispiel: 53<\/span><\/div><\/div><\/div><div class=\"vfb-col-4 vfb-fieldType-checkbox\" id=\"vfbField23\"><label for=\"vfb-field-23\" class=\"vfb-control-label\"> <span class=\"vfb-required-asterisk\">*<\/span><\/label><div><div class=\"vfb-checkbox\"><label><input id=\"vfb-field-23-0\" class=\" datenschutz-check\" placeholder=\"\" data-vfb-multiple=\"vfb-field-23\" required=\"required\" type=\"checkbox\" name=\"vfb-field-23[0]\" value=\"1\"><small>Ich akzeptiere die Datenschutzrichtlinien* <\/small><\/label><\/div><\/div><\/div><div class=\"vfb-clearfix\"><\/div><div class=\"vfb-col-12 vfb-fieldType-submit\" id=\"vfbField24\"><button id=\"vfb-field-24\" class=\" btn btn-primary\" placeholder=\"\" type=\"submit\" name=\"_vfb-submit\">senden<\/button><\/div><div class=\"vfb-clearfix\"><\/div><\/form>\t<\/div>\n\t\t\n<\/section>","protected":false},"excerpt":{"rendered":"","protected":false},"author":1,"featured_media":0,"parent":0,"menu_order":0,"comment_status":"closed","ping_status":"closed","template":"","meta":{"content-type":"","footnotes":""},"class_list":["post-4000","page","type-page","status-publish","hentry"],"_links":{"self":[{"href":"https:\/\/www.positrigo.com\/de\/wp-json\/wp\/v2\/pages\/4000","targetHints":{"allow":["GET"]}}],"collection":[{"href":"https:\/\/www.positrigo.com\/de\/wp-json\/wp\/v2\/pages"}],"about":[{"href":"https:\/\/www.positrigo.com\/de\/wp-json\/wp\/v2\/types\/page"}],"author":[{"embeddable":true,"href":"https:\/\/www.positrigo.com\/de\/wp-json\/wp\/v2\/users\/1"}],"replies":[{"embeddable":true,"href":"https:\/\/www.positrigo.com\/de\/wp-json\/wp\/v2\/comments?post=4000"}],"version-history":[{"count":6,"href":"https:\/\/www.positrigo.com\/de\/wp-json\/wp\/v2\/pages\/4000\/revisions"}],"predecessor-version":[{"id":4477,"href":"https:\/\/www.positrigo.com\/de\/wp-json\/wp\/v2\/pages\/4000\/revisions\/4477"}],"wp:attachment":[{"href":"https:\/\/www.positrigo.com\/de\/wp-json\/wp\/v2\/media?parent=4000"}],"curies":[{"name":"wp","href":"https:\/\/api.w.org\/{rel}","templated":true}]}}