{"id":4003,"date":"2022-02-02T17:09:46","date_gmt":"2022-02-02T16:09:46","guid":{"rendered":"https:\/\/www.positrigo.com\/dementia-diagnostic\/"},"modified":"2026-01-15T08:33:28","modified_gmt":"2026-01-15T07:33:28","slug":"dementia-diagnostic","status":"publish","type":"page","link":"https:\/\/www.positrigo.com\/de\/dementia-diagnostic\/","title":{"rendered":"Demenz"},"content":{"rendered":"\n\n<section id=\"res-text-bild-block_61a62b123d5be\" class=\"res-block res-text-bild alignwide layout01 py-4\" style=\"background: transparent;\">\n  <div class=\"inner-container container-off\" data-aos=\"res-fadeIn\">\n\n\t\t\t  <style>\n\t\t\t @media only screen and (min-width: 970px) {\n\t\t\t  #res-text-bild-block_61a62b123d5be.res-text-bild .layout-1 .txt-imagebox.offset-md-1 {margin-left: 5%;}\n\t\t\t  #res-text-bild-block_61a62b123d5be.res-text-bild .layout-1 .txt-box.offset-md-1 {margin-left: 5%;}\n\t\t\t}\n\t\t\t \n\t\t  <\/style>\n\n\n        <div class=\"layout-1 row flex-row-reverse\">\n\t\t\t<div class=\"col-md-7 txt-box offset-md-1\">\n\n\n\t\t\t\t\t\t\t   <h1>Demenz<\/h1>\n\t\t\t\t\n\t\t\t\t\t\t\t\t\n\t\t\t\t\n\n\t\t\t\t <div class=\"txt-text postContent pt-2 pt-md-1\">\n\t\t\t\t\t\t\t\t\t\t  <p>Erkrankungen, die unter dem Oberbegriff \u201eDemenz\u201c zusammengefasst werden &#8211; zum Beispiel Alzheimer -, werden durch krankhafte Ver\u00e4nderungen des Gehirns verursacht. Diese Ver\u00e4nderungen l\u00f6sen einen R\u00fcckgang der Denkf\u00e4higkeiten aus, auch bekannt als kognitive F\u00e4higkeiten, die so schwerwiegend werden k\u00f6nnen, dass das t\u00e4gliche Leben nicht mehr selbstst\u00e4nding gemeister werden kann.<\/p>\n<p>Es gibt nicht einen einzelnen Test, um festzustellen, ob jemand Demenz hat. \u00c4rzte diagnostizieren Demenzformen auf der Grundlage einer sorgf\u00e4ltigen Anamnese, einer k\u00f6rperlichen Untersuchung, Labortests und funktioneller Bildgebung. Unter den verschiedenen Verfahren gilt die Positronen-Emissions-Tomographie (PET) als Goldstandard in der Demenzdiagnostik.<\/p>\n\t\t\t\t\t\n\t\t\t\t\t \t\t\t\t\t\t\t\t\t\t\t\t\t<a class=\"btn  btn-primary \" href=\"https:\/\/www.positrigo.com\/wp-content\/uploads\/2022\/03\/Positrigo-WhitePaper-Garibotto-German.pdf\" target=\"_self\">Zum Whitepaper<\/a>\n\t\t\t\t\t\t\t\t\t\t\t\n\t\t\t\t\t\t\t\t\t\t  <p class=\"txt-arrow pt-1 pl-md-2\"><a class=\"scrollerTo\" href=\"#sektion02\"><i class=\"fal fa-chevron-down\" aria-hidden=\"true\"><\/i><\/a><\/p>\n\t\t\t\t\t\n\t\t\t\t<\/div>\n\n\n\t\t\t<\/div>\n\n\t\t\t<div class=\"col-md mb-2 mt-md-1 txt-imagebox \">\n\t\t\t\t\t\t\t\t\t\t<img loading=\"lazy\" decoding=\"async\" width=\"800\" height=\"800\" src=\"https:\/\/www.positrigo.com\/wp-content\/uploads\/2022\/01\/Dementia-800x800.jpg\" class=\"img-fluid w-100 txt-img\" alt=\"\" srcset=\"https:\/\/www.positrigo.com\/wp-content\/uploads\/2022\/01\/Dementia-800x800.jpg 800w, https:\/\/www.positrigo.com\/wp-content\/uploads\/2022\/01\/Dementia-150x150.jpg 150w\" sizes=\"auto, (max-width: 800px) 100vw, 800px\" \/>\t\t\t\t\t\t\t<\/div>\n\n\t\t<\/div>\n\n\n\t\n\t<\/div>\n<\/section>\n\n\n\n\n<section id=\"sektion02\" >\n\t\t\t\n\t\t\n<\/section>\n\n\n\n<section id=\"res-text-bild-block_61f3f14209347\" class=\"res-block res-text-bild alignfull layout01 py-3\" style=\"background-color: #f2f2f2;\">\n  <div class=\"inner-container container-wide\" data-aos=\"res-fadeIn\">\n\n\t\t\t  <style>\n\t\t\t @media only screen and (min-width: 970px) {\n\t\t\t  #res-text-bild-block_61f3f14209347.res-text-bild .layout-1 .txt-imagebox.offset-md-1 {margin-left: 3%;}\n\t\t\t  #res-text-bild-block_61f3f14209347.res-text-bild .layout-1 .txt-box.offset-md-1 {margin-left: 3%;}\n\t\t\t}\n\t\t\t \n\t\t  <\/style>\n\n\n        <div class=\"layout-1 row \">\n\t\t\t<div class=\"col-md-7 txt-box \">\n\n\n\t\t\t\n\t\t\t\t\t\t\t\t\n\t\t\t\t\t\t\t\t\t<h2>Alzheimer<\/h2>\n\t\t\t\t\n\n\t\t\t\t <div class=\"txt-text postContent pt-2 pt-md-2\">\n\t\t\t\t\t\t\t\t\t\t  <p>Alzheimer betrifft weltweit rund 40 Millionen Menschen und verursacht eine enorme medizinische und sozio\u00f6konomische Belastung. Eine umfassende Demenzdiagnostik ist entscheidend, um eine individualisierte Therapie anbieten und den Behandlungsfortschritt \u00fcberwachen zu k\u00f6nnen. Aus diesem Grund haben wir eine L\u00f6sung entwickelt, die die etablierte Alzheimer-Diagnostik mit PET breiter verf\u00fcgbar macht.<\/p>\n\t\t\t\t\t\n\t\t\t\t\t \n\t\t\t\t\t\t\t\t\t\t  <p class=\"txt-arrow pt-1 pl-md-2\"><a class=\"scrollerTo\" href=\"#sektion03\"><i class=\"fal fa-chevron-down\" aria-hidden=\"true\"><\/i><\/a><\/p>\n\t\t\t\t\t\n\t\t\t\t<\/div>\n\n\n\t\t\t<\/div>\n\n\t\t\t<div class=\"col-md mb-2 mt-md-1 txt-imagebox offset-md-1\">\n\t\t\t\t\t\t\t\t\t\t<img loading=\"lazy\" decoding=\"async\" width=\"1000\" height=\"750\" src=\"https:\/\/www.positrigo.com\/wp-content\/uploads\/2021\/12\/artikel-scans-v2-1000x750.png\" class=\"img-fluid w-100 txt-img\" alt=\"These brain images are for demonstration purposes only and not images from the NeuroLF system\" \/>\t\t\t\t\t\t\t<\/div>\n\n\t\t<\/div>\n\n\n\t\n\t<\/div>\n<\/section>\n\n\n\n\n<section id=\"sektion03\" >\n\t\t\t\n\t\t\n<\/section>\n\n\n\n<section id=\"res-text-bild-block_61f404592f30c\" class=\"res-block res-text-bild alignfull layout01 py-3\" style=\"background: transparent;\">\n  <div class=\"inner-container container-wide\" data-aos=\"res-fadeIn\">\n\n\t\t\t  <style>\n\t\t\t @media only screen and (min-width: 970px) {\n\t\t\t  #res-text-bild-block_61f404592f30c.res-text-bild .layout-1 .txt-imagebox.offset-md-1 {margin-left: 5%;}\n\t\t\t  #res-text-bild-block_61f404592f30c.res-text-bild .layout-1 .txt-box.offset-md-1 {margin-left: 5%;}\n\t\t\t}\n\t\t\t \n\t\t  <\/style>\n\n\n        <div class=\"layout-1 row flex-row-reverse\">\n\t\t\t<div class=\"col-md-7 txt-box offset-md-1\">\n\n\n\t\t\t\n\t\t\t\t\t\t\t\t\n\t\t\t\t\t\t\t\t\t<h2>Lewy-K\u00f6rper-Demenz<\/h2>\n\t\t\t\t\n\n\t\t\t\t <div class=\"txt-text postContent pt-2 pt-md-2\">\n\t\t\t\t\t\t\t\t\t\t  <p>Lewy-K\u00f6rper-Demenz ist eine Krankheit, die mit abnormalen Ablagerungen eines Proteins namens Alpha-Synuclein im Gehirn einhergeht. Diese Ablagerungen, die Lewy-K\u00f6rperchen genannt werden, beeinflussen Chemikalien im Gehirn, deren Ver\u00e4nderungen wiederum zu Problemen mit Denken, Bewegung, Verhalten und Stimmung f\u00fchren k\u00f6nnen.<\/p>\n\t\t\t\t\t\n\t\t\t\t\t \n\t\t\t\t\t\t\t\t\t\t  <p class=\"txt-arrow pt-1 pl-md-2\"><a class=\"scrollerTo\" href=\"#sektion04\"><i class=\"fal fa-chevron-down\" aria-hidden=\"true\"><\/i><\/a><\/p>\n\t\t\t\t\t\n\t\t\t\t<\/div>\n\n\n\t\t\t<\/div>\n\n\t\t\t<div class=\"col-md mb-2 mt-md-1 txt-imagebox \">\n\t\t\t\t\t\t\t\t\t\t<img loading=\"lazy\" decoding=\"async\" width=\"800\" height=\"800\" src=\"https:\/\/www.positrigo.com\/wp-content\/uploads\/2022\/02\/levy-body-dementia-800x800.jpg\" class=\"img-fluid w-100 txt-img\" alt=\"\" srcset=\"https:\/\/www.positrigo.com\/wp-content\/uploads\/2022\/02\/levy-body-dementia-800x800.jpg 800w, https:\/\/www.positrigo.com\/wp-content\/uploads\/2022\/02\/levy-body-dementia-150x150.jpg 150w\" sizes=\"auto, (max-width: 800px) 100vw, 800px\" \/>\t\t\t\t\t\t\t<\/div>\n\n\t\t<\/div>\n\n\n\t\n\t<\/div>\n<\/section>\n\n\n\n\n<section id=\"sektion04\" >\n\t\t\t\n\t\t\n<\/section>\n\n\n\n<section id=\"res-text-bild-block_6214ee37f3b6b\" class=\"res-block res-text-bild alignfull layout01 py-3\" style=\"background-color: #f2f2f2;\">\n  <div class=\"inner-container container-wide\" data-aos=\"res-fadeIn\">\n\n\t\t\t  <style>\n\t\t\t @media only screen and (min-width: 970px) {\n\t\t\t  #res-text-bild-block_6214ee37f3b6b.res-text-bild .layout-1 .txt-imagebox.offset-md-1 {margin-left: 5%;}\n\t\t\t  #res-text-bild-block_6214ee37f3b6b.res-text-bild .layout-1 .txt-box.offset-md-1 {margin-left: 5%;}\n\t\t\t}\n\t\t\t \n\t\t  <\/style>\n\n\n        <div class=\"layout-1 row \">\n\t\t\t<div class=\"col-md-7 txt-box \">\n\n\n\t\t\t\n\t\t\t\t\t\t\t\t\n\t\t\t\t\t\t\t\t\t<h2>Vaskul\u00e4re Demenz<\/h2>\n\t\t\t\t\n\n\t\t\t\t <div class=\"txt-text postContent pt-2 pt-md-2\">\n\t\t\t\t\t\t\t\t\t\t  <p>Vaskul\u00e4re Demenz ist ein allgemeiner Begriff, der Probleme mit Argumentation, Planung, Urteilsverm\u00f6gen, Ged\u00e4chtnis und anderen Denkprozessen beschreibt, die durch Hirnsch\u00e4den aufgrund einer Durchblutungsst\u00f6rung des Gehirns verursacht werden.<\/p>\n<p>Faktoren, die das Risiko f\u00fcr Herzkrankheiten und Schlaganf\u00e4lle erh\u00f6hen \u2013 einschlie\u00dflich Diabetes, Bluthochdruck, hoher Cholesterinspiegel und Rauchen \u2013 erh\u00f6hen auch das Risiko einer vaskul\u00e4ren Demenz. Die Kontrolle dieser Risikofaktoren kann dazu beitragen, die Wahrscheinlichkeit einer vaskul\u00e4ren Demenz zu verringern.<\/p>\n\t\t\t\t\t\n\t\t\t\t\t \n\t\t\t\t\t\t\t\t\t\t  <p class=\"txt-arrow pt-1 pl-md-2\"><a class=\"scrollerTo\" href=\"#sektion05\"><i class=\"fal fa-chevron-down\" aria-hidden=\"true\"><\/i><\/a><\/p>\n\t\t\t\t\t\n\t\t\t\t<\/div>\n\n\n\t\t\t<\/div>\n\n\t\t\t<div class=\"col-md mb-2 mt-md-1 txt-imagebox offset-md-1\">\n\t\t\t\t\t\t\t\t\t\t<img loading=\"lazy\" decoding=\"async\" width=\"800\" height=\"800\" src=\"https:\/\/www.positrigo.com\/wp-content\/uploads\/2022\/02\/vascular-dementia-1-800x800.jpg\" class=\"img-fluid w-100 txt-img\" alt=\"\" srcset=\"https:\/\/www.positrigo.com\/wp-content\/uploads\/2022\/02\/vascular-dementia-1-800x800.jpg 800w, https:\/\/www.positrigo.com\/wp-content\/uploads\/2022\/02\/vascular-dementia-1-150x150.jpg 150w\" sizes=\"auto, (max-width: 800px) 100vw, 800px\" \/>\t\t\t\t\t\t\t<\/div>\n\n\t\t<\/div>\n\n\n\t\n\t<\/div>\n<\/section>\n\n\n\n\n<section id=\"sektion05\" >\n\t\t\t\n\t\t\n<\/section>\n\n\n\n<section id=\"res-text-bild-block_6214eeb4f3b6d\" class=\"res-block res-text-bild alignfull layout01 py-3\" style=\"background: transparent;\">\n  <div class=\"inner-container container-wide\" data-aos=\"res-fadeIn\">\n\n\t\t\t  <style>\n\t\t\t @media only screen and (min-width: 970px) {\n\t\t\t  #res-text-bild-block_6214eeb4f3b6d.res-text-bild .layout-1 .txt-imagebox.offset-md-1 {margin-left: 5%;}\n\t\t\t  #res-text-bild-block_6214eeb4f3b6d.res-text-bild .layout-1 .txt-box.offset-md-1 {margin-left: 5%;}\n\t\t\t}\n\t\t\t \n\t\t  <\/style>\n\n\n        <div class=\"layout-1 row flex-row-reverse\">\n\t\t\t<div class=\"col-md-7 txt-box offset-md-1\">\n\n\n\t\t\t\n\t\t\t\t\t\t\t\t\n\t\t\t\t\t\t\t\t\t<h2>Frontotemporale Demenz<\/h2>\n\t\t\t\t\n\n\t\t\t\t <div class=\"txt-text postContent pt-2 pt-md-2\">\n\t\t\t\t\t\t\t\t\t\t  <p>Eine h\u00e4ufige Ursache der Frontotemporalen Demenz (FTD) ist eine Gruppe von Erkrankungen, die auftreten, wenn Nervenzellen in den Stirn- und Schl\u00e4fenlappen des Gehirns verloren gehen. Dadurch schrumpfen die Lappen. FTD kann Verhalten, Pers\u00f6nlichkeit, Sprache und Bewegung beeinflussen. Diese St\u00f6rungen geh\u00f6ren zu den h\u00e4ufigsten Demenzen, die in j\u00fcngeren Jahren auftreten. Die Symptome beginnen typischerweise im Alter zwischen 40 und 65 Jahren, aber FTD kann junge Erwachsene und \u00e4ltere Menschen treffen. FTD betrifft M\u00e4nner und Frauen gleicherma\u00dfen.<\/p>\n\t\t\t\t\t\n\t\t\t\t\t \n\t\t\t\t\t\t\t\t\t\t  <p class=\"txt-arrow pt-1 pl-md-2\"><a class=\"scrollerTo\" href=\"#sektion06\"><i class=\"fal fa-chevron-down\" aria-hidden=\"true\"><\/i><\/a><\/p>\n\t\t\t\t\t\n\t\t\t\t<\/div>\n\n\n\t\t\t<\/div>\n\n\t\t\t<div class=\"col-md mb-2 mt-md-1 txt-imagebox \">\n\t\t\t\t\t\t\t\t\t\t<img loading=\"lazy\" decoding=\"async\" width=\"800\" height=\"800\" src=\"https:\/\/www.positrigo.com\/wp-content\/uploads\/2022\/02\/frontalobeshumintelligence01-800x800.jpg\" class=\"img-fluid w-100 txt-img\" alt=\"\" srcset=\"https:\/\/www.positrigo.com\/wp-content\/uploads\/2022\/02\/frontalobeshumintelligence01-800x800.jpg 800w, https:\/\/www.positrigo.com\/wp-content\/uploads\/2022\/02\/frontalobeshumintelligence01-150x150.jpg 150w\" sizes=\"auto, (max-width: 800px) 100vw, 800px\" \/>\t\t\t\t\t\t\t<\/div>\n\n\t\t<\/div>\n\n\n\t\n\t<\/div>\n<\/section>\n\n\n\n\n<section id=\"sektion06\" >\n\t\t\t\n\t\t\n<\/section>","protected":false},"excerpt":{"rendered":"","protected":false},"author":4,"featured_media":0,"parent":0,"menu_order":0,"comment_status":"closed","ping_status":"closed","template":"","meta":{"content-type":"","footnotes":""},"class_list":["post-4003","page","type-page","status-publish","hentry"],"_links":{"self":[{"href":"https:\/\/www.positrigo.com\/de\/wp-json\/wp\/v2\/pages\/4003","targetHints":{"allow":["GET"]}}],"collection":[{"href":"https:\/\/www.positrigo.com\/de\/wp-json\/wp\/v2\/pages"}],"about":[{"href":"https:\/\/www.positrigo.com\/de\/wp-json\/wp\/v2\/types\/page"}],"author":[{"embeddable":true,"href":"https:\/\/www.positrigo.com\/de\/wp-json\/wp\/v2\/users\/4"}],"replies":[{"embeddable":true,"href":"https:\/\/www.positrigo.com\/de\/wp-json\/wp\/v2\/comments?post=4003"}],"version-history":[{"count":31,"href":"https:\/\/www.positrigo.com\/de\/wp-json\/wp\/v2\/pages\/4003\/revisions"}],"predecessor-version":[{"id":4733,"href":"https:\/\/www.positrigo.com\/de\/wp-json\/wp\/v2\/pages\/4003\/revisions\/4733"}],"wp:attachment":[{"href":"https:\/\/www.positrigo.com\/de\/wp-json\/wp\/v2\/media?parent=4003"}],"curies":[{"name":"wp","href":"https:\/\/api.w.org\/{rel}","templated":true}]}}