{"id":4011,"date":"2022-02-22T15:57:38","date_gmt":"2022-02-22T14:57:38","guid":{"rendered":"https:\/\/www.positrigo.com\/movement-disorders\/"},"modified":"2022-03-08T15:14:55","modified_gmt":"2022-03-08T14:14:55","slug":"movement-disorders","status":"publish","type":"page","link":"https:\/\/www.positrigo.com\/de\/movement-disorders\/","title":{"rendered":"Bewegungsst\u00f6rungen"},"content":{"rendered":"\n\n<section id=\"res-text-bild-block_61a62b123d5be\" class=\"res-block res-text-bild alignwide layout01 py-4\" style=\"background: transparent;\">\n  <div class=\"inner-container container-off\" data-aos=\"res-fadeIn\">\n\n\t\t\t  <style>\n\t\t\t @media only screen and (min-width: 970px) {\n\t\t\t  #res-text-bild-block_61a62b123d5be.res-text-bild .layout-1 .txt-imagebox.offset-md-1 {margin-left: 5%;}\n\t\t\t  #res-text-bild-block_61a62b123d5be.res-text-bild .layout-1 .txt-box.offset-md-1 {margin-left: 5%;}\n\t\t\t}\n\t\t\t \t\t\t\t @media only screen and (min-width: 1280px) {\n\t\t\t\t   \t\t\t\t\t\t#res-text-bild-block_61a62b123d5be.res-text-bild h1{\n\t\t\t\t\t\t\tfont-size: 240%;\n\t\t\t\t\t\t\tline-height: 120%;\n\t\t\t\t\t\t\tfont-weight: 700;\n\t\t\t\t\t\t}\n\t\t\t\t  \t\t\t\t \t\t\t\t \t\t\t\t}\n\t\t\t\n\t\t  <\/style>\n\n\n        <div class=\"layout-1 row flex-row-reverse\">\n\t\t\t<div class=\"col-md-7 txt-box offset-md-1\">\n\n\n\t\t\t\t\t\t\t   <h1>Bewegungsst\u00f6rungen<\/h1>\n\t\t\t\t\n\t\t\t\t\t\t\t\t\n\t\t\t\t\n\n\t\t\t\t <div class=\"txt-text postContent pt-2 pt-md-1\">\n\t\t\t\t\t\t\t\t\t\t  <p>Jede K\u00f6rperbewegung, vom Heben einer Hand bis zum L\u00e4cheln, beinhaltet eine komplexe Interaktion zwischen dem zentralen Nervensystem (Gehirn und R\u00fcckenmark), Nerven und Muskeln. Eine Besch\u00e4digung oder Fehlfunktion einer dieser Komponenten kann zu einer Bewegungsst\u00f6rung f\u00fchren. Zur Diagnose solcher Bewegungsst\u00f6rungen wird PET zur funktionellen Bildgebung des Gehirns eingesetzt.<\/p>\n\t\t\t\t\t\n\t\t\t\t\t \n\t\t\t\t\t\t\t\t\t\t  <p class=\"txt-arrow pt-1 pl-md-2\"><a class=\"scrollerTo\" href=\"#sektion02\"><i class=\"fal fa-chevron-down\" aria-hidden=\"true\"><\/i><\/a><\/p>\n\t\t\t\t\t\n\t\t\t\t<\/div>\n\n\n\t\t\t<\/div>\n\n\t\t\t<div class=\"col-md mb-2 mt-md-1 txt-imagebox \">\n\t\t\t\t\t\t\t\t\t\t<img loading=\"lazy\" decoding=\"async\" width=\"800\" height=\"800\" src=\"https:\/\/www.positrigo.com\/wp-content\/uploads\/2022\/02\/Neurological-Movement-Disorders-800x800.jpg\" class=\"img-fluid w-100 txt-img\" alt=\"\" srcset=\"https:\/\/www.positrigo.com\/wp-content\/uploads\/2022\/02\/Neurological-Movement-Disorders-800x800.jpg 800w, https:\/\/www.positrigo.com\/wp-content\/uploads\/2022\/02\/Neurological-Movement-Disorders-150x150.jpg 150w\" sizes=\"auto, (max-width: 800px) 100vw, 800px\" \/>\t\t\t\t\t\t\t<\/div>\n\n\t\t<\/div>\n\n\n\t\n\t<\/div>\n<\/section>\n\n\n\n\n<section id=\"sektion02\" >\n\t\t\t\n\t\t\n<\/section>\n\n\n\n<section id=\"res-text-bild-block_61f404592f30c\" class=\"res-block res-text-bild alignfull layout01 py-3\" style=\"background-color: #f2f2f2;\">\n  <div class=\"inner-container container-wide\" data-aos=\"res-fadeIn\">\n\n\t\t\t  <style>\n\t\t\t @media only screen and (min-width: 970px) {\n\t\t\t  #res-text-bild-block_61f404592f30c.res-text-bild .layout-1 .txt-imagebox.offset-md-1 {margin-left: 5%;}\n\t\t\t  #res-text-bild-block_61f404592f30c.res-text-bild .layout-1 .txt-box.offset-md-1 {margin-left: 5%;}\n\t\t\t}\n\t\t\t \n\t\t  <\/style>\n\n\n        <div class=\"layout-1 row \">\n\t\t\t<div class=\"col-md-7 txt-box \">\n\n\n\t\t\t\n\t\t\t\t\t\t\t\t\n\t\t\t\t\t\t\t\t\t<h2>Parkinson-Krankheit<\/h2>\n\t\t\t\t\n\n\t\t\t\t <div class=\"txt-text postContent pt-2 pt-md-2\">\n\t\t\t\t\t\t\t\t\t\t  <p>Die Parkinson-Krankheit ist die zweith\u00e4ufigste altersbedingte neurodegenerative Erkrankung, von der etwa eine Millionen Menschen in Nordamerika\u00a0 und 1,2 Millionen in Europa betroffen sind. Da die Inzidenz der Parkinson-Krankheit mit zunehmendem Alter zunimmt, wird sich die Zahl der Patienten in den n\u00e4chsten 50 Jahren mit zunehmendem Durchschnittsalter der Bev\u00f6lkerung voraussichtlich verdreifachen. NeuroLF erm\u00f6glicht eine fr\u00fchzeitige und genaue Diagnose und bestimmt den Schweregrad der Erkrankung, indem anatomische Ver\u00e4nderungen in verschiedenen Gehirnregionen identifiziert werden. Dar\u00fcber hinaus wird erm\u00f6glicht Mechanismen zu identifizieren, die f\u00fcr die motorischen und nicht-motorischen Symptome der Krankheit verantwortlich sein k\u00f6nnen, und die Wirksamkeit von Medikamenten bei Patienten zu bewerten.<\/p>\n\t\t\t\t\t\n\t\t\t\t\t \n\t\t\t\t\t\t\t\t\t\t  <p class=\"txt-arrow pt-1 pl-md-2\"><a class=\"scrollerTo\" href=\"#sektion03\"><i class=\"fal fa-chevron-down\" aria-hidden=\"true\"><\/i><\/a><\/p>\n\t\t\t\t\t\n\t\t\t\t<\/div>\n\n\n\t\t\t<\/div>\n\n\t\t\t<div class=\"col-md mb-2 mt-md-1 txt-imagebox offset-md-1\">\n\t\t\t\t\t\t\t\t\t\t<img loading=\"lazy\" decoding=\"async\" width=\"800\" height=\"800\" src=\"https:\/\/www.positrigo.com\/wp-content\/uploads\/2022\/01\/Parkinsons-disease-800x800.jpg\" class=\"img-fluid w-100 txt-img\" alt=\"\" srcset=\"https:\/\/www.positrigo.com\/wp-content\/uploads\/2022\/01\/Parkinsons-disease-800x800.jpg 800w, https:\/\/www.positrigo.com\/wp-content\/uploads\/2022\/01\/Parkinsons-disease-150x150.jpg 150w\" sizes=\"auto, (max-width: 800px) 100vw, 800px\" \/>\t\t\t\t\t\t\t<\/div>\n\n\t\t<\/div>\n\n\n\t\n\t<\/div>\n<\/section>\n\n\n\n\n<section id=\"sektion03\" >\n\t\t\t\n\t\t\n<\/section>\n\n\n\n<section id=\"res-text-bild-block_6214e44ca9f4d\" class=\"res-block res-text-bild alignfull layout01 py-3\" style=\"background: transparent;\">\n  <div class=\"inner-container container-wide\" data-aos=\"res-fadeIn\">\n\n\t\t\t  <style>\n\t\t\t @media only screen and (min-width: 970px) {\n\t\t\t  #res-text-bild-block_6214e44ca9f4d.res-text-bild .layout-1 .txt-imagebox.offset-md-1 {margin-left: 5%;}\n\t\t\t  #res-text-bild-block_6214e44ca9f4d.res-text-bild .layout-1 .txt-box.offset-md-1 {margin-left: 5%;}\n\t\t\t}\n\t\t\t \n\t\t  <\/style>\n\n\n        <div class=\"layout-1 row flex-row-reverse\">\n\t\t\t<div class=\"col-md-7 txt-box offset-md-1\">\n\n\n\t\t\t\n\t\t\t\t\t\t\t\t\n\t\t\t\t\t\t\t\t\t<h2>Progressive Supranukle\u00e4re Blickparese<\/h2>\n\t\t\t\t\n\n\t\t\t\t <div class=\"txt-text postContent pt-2 pt-md-2\">\n\t\t\t\t\t\t\t\t\t\t  <p>Die progressive supranukle\u00e4re Blickparese (PSB) ist eine komplexe Erkrankung, die das Gehirn betrifft. PSB beeintr\u00e4chtigt die F\u00e4higkeit normal zu gehen, indem es das Gleichgewicht beeintr\u00e4chtigt. Die Krankheit wirkt sich auch auf die Muskeln aus, die die Augen kontrollieren, was es schwierig macht, sich zu konzentrieren und Gegenst\u00e4nde klar zu sehen.<\/p>\n\t\t\t\t\t\n\t\t\t\t\t \n\t\t\t\t\t\t\t\t\t\t  <p class=\"txt-arrow pt-1 pl-md-2\"><a class=\"scrollerTo\" href=\"#sektion04\"><i class=\"fal fa-chevron-down\" aria-hidden=\"true\"><\/i><\/a><\/p>\n\t\t\t\t\t\n\t\t\t\t<\/div>\n\n\n\t\t\t<\/div>\n\n\t\t\t<div class=\"col-md mb-2 mt-md-1 txt-imagebox \">\n\t\t\t\t\t\t\t\t\t\t<img loading=\"lazy\" decoding=\"async\" width=\"800\" height=\"800\" src=\"https:\/\/www.positrigo.com\/wp-content\/uploads\/2022\/02\/progressive-supranuclear-palsy-800x800.jpg\" class=\"img-fluid w-100 txt-img\" alt=\"\" srcset=\"https:\/\/www.positrigo.com\/wp-content\/uploads\/2022\/02\/progressive-supranuclear-palsy-800x800.jpg 800w, https:\/\/www.positrigo.com\/wp-content\/uploads\/2022\/02\/progressive-supranuclear-palsy-150x150.jpg 150w\" sizes=\"auto, (max-width: 800px) 100vw, 800px\" \/>\t\t\t\t\t\t\t<\/div>\n\n\t\t<\/div>\n\n\n\t\n\t<\/div>\n<\/section>\n\n\n\n\n<section id=\"sektion04\" >\n\t\t\t\n\t\t\n<\/section>\n\n\n\n<section id=\"res-text-bild-block_6214e543a9f4f\" class=\"res-block res-text-bild alignfull layout01 py-3\" style=\"background-color: #f2f2f2;\">\n  <div class=\"inner-container container-wide\" data-aos=\"res-fadeIn\">\n\n\t\t\t  <style>\n\t\t\t @media only screen and (min-width: 970px) {\n\t\t\t  #res-text-bild-block_6214e543a9f4f.res-text-bild .layout-1 .txt-imagebox.offset-md-1 {margin-left: 5%;}\n\t\t\t  #res-text-bild-block_6214e543a9f4f.res-text-bild .layout-1 .txt-box.offset-md-1 {margin-left: 5%;}\n\t\t\t}\n\t\t\t \n\t\t  <\/style>\n\n\n        <div class=\"layout-1 row \">\n\t\t\t<div class=\"col-md-7 txt-box \">\n\n\n\t\t\t\n\t\t\t\t\t\t\t\t\n\t\t\t\t\t\t\t\t\t<h2>Multisystematrophie<\/h2>\n\t\t\t\t\n\n\t\t\t\t <div class=\"txt-text postContent pt-2 pt-md-2\">\n\t\t\t\t\t\t\t\t\t\t  <p>Die Multisystematrophie (MSA) ist eine seltene, degenerative neurologische Erkrankung, die die unwillk\u00fcrlichen (autonomen) Funktionen des K\u00f6rpers betreffen, einschlie\u00dflich Blutdruck, Atmung, Blasenfunktion und motorische Kontrolle. Die Behandlung umfasst Medikamente und \u00c4nderungen des Lebensstils um die Symptome zu lindern. Bis heute gibt es keine Heilung.<\/p>\n\t\t\t\t\t\n\t\t\t\t\t \n\t\t\t\t\t\t\t\t\t\t  <p class=\"txt-arrow pt-1 pl-md-2\"><a class=\"scrollerTo\" href=\"#sektion05\"><i class=\"fal fa-chevron-down\" aria-hidden=\"true\"><\/i><\/a><\/p>\n\t\t\t\t\t\n\t\t\t\t<\/div>\n\n\n\t\t\t<\/div>\n\n\t\t\t<div class=\"col-md mb-2 mt-md-1 txt-imagebox offset-md-1\">\n\t\t\t\t\t\t\t\t\t\t<img loading=\"lazy\" decoding=\"async\" width=\"800\" height=\"800\" src=\"https:\/\/www.positrigo.com\/wp-content\/uploads\/2022\/02\/Movement-Disorders_3-800x800.jpg\" class=\"img-fluid w-100 txt-img\" alt=\"\" srcset=\"https:\/\/www.positrigo.com\/wp-content\/uploads\/2022\/02\/Movement-Disorders_3-800x800.jpg 800w, https:\/\/www.positrigo.com\/wp-content\/uploads\/2022\/02\/Movement-Disorders_3-150x150.jpg 150w\" sizes=\"auto, (max-width: 800px) 100vw, 800px\" \/>\t\t\t\t\t\t\t<\/div>\n\n\t\t<\/div>\n\n\n\t\n\t<\/div>\n<\/section>\n\n\n\n\n<section id=\"sektion05\" >\n\t\t\t\n\t\t\n<\/section>\n\n\n\n<section id=\"res-text-bild-block_6214e567a9f50\" class=\"res-block res-text-bild alignfull layout01 py-3\" style=\"background: transparent;\">\n  <div class=\"inner-container container-wide\" data-aos=\"res-fadeIn\">\n\n\t\t\t  <style>\n\t\t\t @media only screen and (min-width: 970px) {\n\t\t\t  #res-text-bild-block_6214e567a9f50.res-text-bild .layout-1 .txt-imagebox.offset-md-1 {margin-left: 5%;}\n\t\t\t  #res-text-bild-block_6214e567a9f50.res-text-bild .layout-1 .txt-box.offset-md-1 {margin-left: 5%;}\n\t\t\t}\n\t\t\t \n\t\t  <\/style>\n\n\n        <div class=\"layout-1 row flex-row-reverse\">\n\t\t\t<div class=\"col-md-7 txt-box offset-md-1\">\n\n\n\t\t\t\n\t\t\t\t\t\t\t\t\n\t\t\t\t\t\t\t\t\t<h2>Kortikobasale Degeneration<\/h2>\n\t\t\t\t\n\n\t\t\t\t <div class=\"txt-text postContent pt-2 pt-md-2\">\n\t\t\t\t\t\t\t\t\t\t  <p>Die kortikobasale Degeneration oder das kortikobasale Syndrom ist eine seltene Erkrankung, bei der Bereiche des Gehirns schrumpfen und die Nervenzellen im Laufe der Zeit degenerieren und absterben. Die Krankheit betrifft den Bereich des Gehirns, der Informationen verarbeitet und Gehirnstrukturen, welche die Bewegungen steuern. Diese Degeneration f\u00fchrt zu zunehmenden Bewegungsschwierigkeiten auf einer oder beiden Seiten des K\u00f6rpers.<\/p>\n\t\t\t\t\t\n\t\t\t\t\t \n\t\t\t\t\t\t\t\t\t\t  <p class=\"txt-arrow pt-1 pl-md-2\"><a class=\"scrollerTo\" href=\"#sektion06\"><i class=\"fal fa-chevron-down\" aria-hidden=\"true\"><\/i><\/a><\/p>\n\t\t\t\t\t\n\t\t\t\t<\/div>\n\n\n\t\t\t<\/div>\n\n\t\t\t<div class=\"col-md mb-2 mt-md-1 txt-imagebox \">\n\t\t\t\t\t\t\t\t\t\t<img loading=\"lazy\" decoding=\"async\" width=\"800\" height=\"800\" src=\"https:\/\/www.positrigo.com\/wp-content\/uploads\/2022\/02\/movement-disorders_4-800x800.jpg\" class=\"img-fluid w-100 txt-img\" alt=\"\" srcset=\"https:\/\/www.positrigo.com\/wp-content\/uploads\/2022\/02\/movement-disorders_4-800x800.jpg 800w, https:\/\/www.positrigo.com\/wp-content\/uploads\/2022\/02\/movement-disorders_4-150x150.jpg 150w\" sizes=\"auto, (max-width: 800px) 100vw, 800px\" \/>\t\t\t\t\t\t\t<\/div>\n\n\t\t<\/div>\n\n\n\t\n\t<\/div>\n<\/section>\n\n\n\n\n<section id=\"sektion06\" >\n\t\t\t\n\t\t\n<\/section>\n\n\n<p><\/p>\n","protected":false},"excerpt":{"rendered":"","protected":false},"author":4,"featured_media":0,"parent":0,"menu_order":0,"comment_status":"closed","ping_status":"closed","template":"","meta":{"content-type":"","footnotes":""},"class_list":["post-4011","page","type-page","status-publish","hentry"],"_links":{"self":[{"href":"https:\/\/www.positrigo.com\/de\/wp-json\/wp\/v2\/pages\/4011","targetHints":{"allow":["GET"]}}],"collection":[{"href":"https:\/\/www.positrigo.com\/de\/wp-json\/wp\/v2\/pages"}],"about":[{"href":"https:\/\/www.positrigo.com\/de\/wp-json\/wp\/v2\/types\/page"}],"author":[{"embeddable":true,"href":"https:\/\/www.positrigo.com\/de\/wp-json\/wp\/v2\/users\/4"}],"replies":[{"embeddable":true,"href":"https:\/\/www.positrigo.com\/de\/wp-json\/wp\/v2\/comments?post=4011"}],"version-history":[{"count":22,"href":"https:\/\/www.positrigo.com\/de\/wp-json\/wp\/v2\/pages\/4011\/revisions"}],"predecessor-version":[{"id":4520,"href":"https:\/\/www.positrigo.com\/de\/wp-json\/wp\/v2\/pages\/4011\/revisions\/4520"}],"wp:attachment":[{"href":"https:\/\/www.positrigo.com\/de\/wp-json\/wp\/v2\/media?parent=4011"}],"curies":[{"name":"wp","href":"https:\/\/api.w.org\/{rel}","templated":true}]}}