{"id":4019,"date":"2021-12-07T11:25:27","date_gmt":"2021-12-07T10:25:27","guid":{"rendered":"https:\/\/www.positrigo.com\/product\/"},"modified":"2026-03-31T08:07:13","modified_gmt":"2026-03-31T06:07:13","slug":"product","status":"publish","type":"page","link":"https:\/\/www.positrigo.com\/de\/product\/","title":{"rendered":"Produkt"},"content":{"rendered":"\n\n\n\n\n\n<section id=\"res-header-image-block_61b0c2d2a5e88\" class=\"res-block res-header-image alignfull\">\n  <div class=\"res-header-img-outside mb-5\" data-aos=\"res-fadeIn\">\n\t<div class=\"res-header-height\">\n\t\t\n\t\n\t  <style> \n\t\t  @media only screen and (min-width: 970px) {\n\t\t\t #res-header-image-block_61b0c2d2a5e88.res-header-image .layout-1.header-img-height { height: 100vh;}  \n\t\t\t #res-header-image-block_61b0c2d2a5e88.res-header-image .layout-1 .res-header-image-vertical-center { top: 66%;} \n\t\t\t   \n\t\t  }\n\t\t  @media only screen and (max-width: 970px) {  \n\t\t\t#res-header-image-block_61b0c2d2a5e88.res-header-image .layout-1.header-img-height { height: 100vh;} \n\t\t\t#res-header-image-block_61b0c2d2a5e88.res-header-image .layout-1 .res-header-image-vertical-center { top: 55%;} \n\t\t\t    \n\t\t\t  \t\t  }\n\t\t  \t  <\/style> \n\t\t\n\t  <div class=\"layout-1 jarallax header-img-height\" data-speed=\"0.6\" style=\"background-color: #fff;\">\n\t\t  \n\t\t\t\t<div class=\"res-header-image-vertical-center\">\n\t\t\t\t\t<div class=\"container-fluid\">\n\t\t\t\t\t\t\n\t\t\t\t\t\t<div class=\"sloganBox\">\n                           <div class=\"row\">\n                             <div class=\"col col-md-6 text-left\">\n\t\t\t\t\t\t\t\t <div class=\"sloganbox-background \" data-aos=\"res-leftIncoming\">\n\t\t\t\t\t\t\t\t \n                                \t\n\t\t\t\t\t\t\t\t \n                                  \n\t\t\t\t\t\t\t\t \t<h2>NeuroLF<\/h2>\n                                \t\t\t\t\t\t\t\t \n                                \t\n\t\t\t\t\t\t\t\t \n\t\t\t\t\t\t\t\t\t\t\t\t\t\t\t\t  <p>NeuroLF ist ein ultrakompaktes Gehirn-PET System. Das System ist in der EU und in den USA zugelassen. <\/p>\n\t\t\t\t\t\t\t\t\t\n\n\t\t\t\t\t\t\t\t \t\t\t\t\t\t\t\t  \n\t\t\t\t  <div class=\"header-arrow\"><a class=\"scrollerTo\" href=\"#sektion02\"><i class=\"fal fa-chevron-down\" aria-hidden=\"true\"><\/i><\/a> <\/div>\n\t\t\t\t\t\n\t\t\t\t\t\t\t\t\t<\/div>\n\t\t\t\t                 <\/div>\n\t\t\t\t\t\t\t<\/div>\n\t\t\t\t\t\t<\/div>\n\n\t\t\t\t\t<\/div>\n\t\t\t\t<\/div>\n\t\t\t\t\n                                            <img decoding=\"async\" class=\"jarallax-img img-fluid\" src=\"https:\/\/www.positrigo.com\/wp-content\/uploads\/2026\/03\/Website_blue3-1920x1080.jpg\"  style=\"opacity: 1;\" alt=\"\"\/>\n                    \t\t  \n\t\t\t\t\n\t\t   <\/div>\n\t\t\t \n\t \n\n\n\t\t<\/div>\n\t<\/div>\n<\/section>\t\n\n\n<section id=\"sektion02\" >\n\t\t\t\n\t\t\n<\/section>\n\n\n\n<section id=\"res-text-bild-block_61a62b123d5be\" class=\"res-block res-text-bild layout01 pb-3\" style=\"background: transparent;\">\n  <div class=\"inner-container container-off\" data-aos=\"res-fadeIn\">\n\n\t\t\t  <style>\n\t\t\t @media only screen and (min-width: 970px) {\n\t\t\t  #res-text-bild-block_61a62b123d5be.res-text-bild .layout-1 .txt-imagebox.offset-md-1 {margin-left: 5%;}\n\t\t\t  #res-text-bild-block_61a62b123d5be.res-text-bild .layout-1 .txt-box.offset-md-1 {margin-left: 5%;}\n\t\t\t}\n\t\t\t \n\t\t  <\/style>\n\n\n        <div class=\"layout-1 row \">\n\t\t\t<div class=\"col-md-6 txt-box \">\n\n\n\t\t\t\n\t\t\t\t\t\t\t\t\n\t\t\t\t\t\t\t\t\t<h2>Das macht NeuroLF besonders<\/h2>\n\t\t\t\t\n\n\t\t\t\t <div class=\"txt-text postContent pt-2 pt-md-1\">\n\t\t\t\t\t\t\t\t\t\t  <ul>\n<li>Geringer Platzbedarf<\/li>\n<li>Intuitive und einfache Bedienung<\/li>\n<li>Hoher Patientenkomfort und -zufriedenheit<\/li>\n<li>\u00dcberzeugendes Preis-Leistungsverh\u00e4ltnis<\/li>\n<\/ul>\n\t\t\t\t\t\n\t\t\t\t\t \t\t\t\t\t\t\t\t\t\t\t\t\t<a class=\"btn  btn-primary \" href=\"https:\/\/www.positrigo.com\/wp-content\/uploads\/2024\/10\/NeuroLF-System_Brochure_2024.pdf\" target=\"_self\">NeuroLF Prospekt<\/a>\n\t\t\t\t\t\t\t\t\t\t\t\n\t\t\t\t\t\n\t\t\t\t<\/div>\n\n\n\t\t\t<\/div>\n\n\t\t\t<div class=\"col-md mb-2 mt-md-1 txt-imagebox offset-md-1\">\n\t\t\t\t\t\t\t\t\t\t<img loading=\"lazy\" decoding=\"async\" width=\"800\" height=\"800\" src=\"https:\/\/www.positrigo.com\/wp-content\/uploads\/2025\/04\/NeuroLF_IF-Design-Award-800x800.jpg\" class=\"img-fluid w-100 txt-img\" alt=\"\" srcset=\"https:\/\/www.positrigo.com\/wp-content\/uploads\/2025\/04\/NeuroLF_IF-Design-Award-800x800.jpg 800w, https:\/\/www.positrigo.com\/wp-content\/uploads\/2025\/04\/NeuroLF_IF-Design-Award-150x150.jpg 150w\" sizes=\"auto, (max-width: 800px) 100vw, 800px\" \/>\t\t\t\t\t\t\t<\/div>\n\n\t\t<\/div>\n\n\n\t\n\t<\/div>\n<\/section>\n\n\n\n \n<section id=\"res-video-play-html-block_6228608acf8f8\" class=\"res-video-play-html py-4 video-play\">\n\t<div class=\"html-video text-center\" data-aos=\"res-fadeIn\">\n\t\t\n\t\t \n\t\t  <style>\n\t\t\t\t\t\t  \n\t\t\t  #res-video-play-html-block_6228608acf8f8.res-video-play-html .res-vid-progressbar-container {display: none !important;}\n\t\t\t \n\t\t\t  \n\t\t\t  \n\t\t\t  #res-video-play-html-block_6228608acf8f8.res-video-play-html .res-vid-mute-btn,\n\t\t\t  #res-video-play-html-block_6228608acf8f8.res-video-play-html .res-vid-playback-btn {display: none !important;}\n\t\t\t  \n\t\t  <\/style>\n\n\t\t\n\t\t\n\t\t<div class=\"res-vid-container mx-auto\">\n\n\t\t\t<!-- VIDEO PLAY BUTTON -->\n\t\t\t<div class=\"res-vid-play-btn\"><\/div>\n\n\t\t\t<div class=\"res-vid-overlay\">\n\t\t\t\t<!-- VIDEO MAIN -->\n\t\t\t\t<video class=\"res-vid-main shadow w-100\"  playsinline preload timeline-no controls-x-only>\n\t\t\t\t\t<source src=\"https:\/\/www.positrigo.com\/wp-content\/uploads\/2022\/03\/NeuroLF_DE_V3.mp4\" type='video\/mp4'>\n\t\t\t\t<\/video>\n\n\t\t\t\t<!-- VIDEO Poster \/ Video -->\n\t\t\t\t<div class=\"res-vid-poster\"><img decoding=\"async\" src=\"https:\/\/www.positrigo.com\/wp-content\/uploads\/2025\/12\/Thumbnail.jpg\" \/><\/div>\t\t\t<\/div>\n\t\t\t<!-- CONTROLS -->\n\t\t\t<div class=\"res-vid-control\" style=\"display: none;\">\n\t\t\t\t<div class=\"res-vid-reset-btn\" title=\"Video schliessen\">\n\t\t\t\t\t<i class=\"fal fa-fw fa-times\" aria-hidden=\"true\"><\/i>\n\t\t\t\t<\/div>\n\t\t\t\t<div class=\"res-vid-playback-btn\" title=\"Wiedergabe steuern\">\n\t\t\t\t\t<i class=\"fal fa-fw fa-pause\" aria-hidden=\"true\"><\/i>\n\t\t\t\t<\/div>\n\t\t\t\t<div class=\"res-vid-mute-btn\" title=\"Sound on off\">\n\t\t\t\t\t<i class=\"fas fa-fw fa-volume-up\" aria-hidden=\"true\"><\/i>\n\t\t\t\t<\/div>\n\t\t\t<\/div>\n\n\t\t\t<!-- TIME -->\n\t\t\t<div class=\"res-vid-time\" style=\"display: none;\">\n\t\t\t\t<span class=\"res-vid-current-time\">0:00<\/span> \/ <span class=\"res-vid-duration\">3:00<\/span>\n\t\t\t<\/div>\n\n\t\t\t<!-- PROGRESS -->\n\t\t\t<div class=\"res-vid-progressbar-container\" style=\"display: none;\">\n\t\t\t\t<div class=\"res-vid-progress\"><\/div>\n\t\t\t<\/div>\n\n\t\t<\/div>\n\n\t<\/div>\n<\/section>\n\n\n\n\n<section id=\"res-txt-block_61b0bc0faef34\" class=\"res-block res-txt alignfull layout03 pt-4\" style=\"background-color: #f2f2f2;\">\n  <div class=\"inner-container container\" data-aos=\"res-fadeIn\">\n \n\t\t  \n\t<div class=\"layout-3 title-only-section \">\n\t\t<div class=\"row\">\t\n\t\t\t\n\t\t\t\n\t\t  \n\t\t<style>\n\t\t  @media only screen and (min-width: 1280px) {\n\t\t   \t\t  \n\t\t\t\t#res-txt-block_61b0bc0faef34.res-txt .txt-title-field h2{\n\t\t\t\t\tfont-size: 180%;\n\t\t\t\t\tline-height: %;\n\t\t\t\t\tfont-weight: 700;\n\t\t\t    }\n\t\t  \t\t \t\t} \n\t\t<\/style>\n\t\t \n\t\t\t\n\t\t\t\n\t\t\t<div class=\"col-md-12 var-1spalten mx-auto text-center \">\n\t\t\t\t\n\t\t\t\t<div class=\"txt-title-field \">\n\t\n\t\t\t\t\t\n\n\t\t\t\t  \n\t\t\t\t\t<h2>Das sagen die Experten<\/h2>\n\t\t\t\t\n\t\t\t\t\t\n\t\t\t\t\t \n\t\t\t\t\t<\/div> \n\t\t\t\t\t\n\t\t\t\t\n\t\t\t\t\t <div class=\"title-only-btns  \">\n\t\t\t\t\t\t  \n\t\t\t\t\t<\/div> \n\t\t\t\t\n\t\t\t\t\t\t\n\t\n\t\t\t\t<\/div>\n\t\t\t<\/div>\n\t\t<\/div>\n\n  \n\t \n\t  \n \n \n\t<\/div>\n<\/section>\n\n\n\n\n\n\n<section id=\"res-testimonial-slider-block_61b0b4aaaef31\" class=\"res-block res-testimonial alignfull  pb-4\" style=\"background-color: #f2f2f2;\">\n  <div class=\"inner-container container\" data-aos=\"res-fadeIn\">\n\t  \n\t  \t<style>\n\t\t@media only screen and (min-width: 970px) {\t\n\t\t   #testimonial-slider-res-testimonial-slider-block_61b0b4aaaef31.carousel { margin: 0 auto; max-width: 90%;}\t\t   #testimonial-slider-res-testimonial-slider-block_61b0b4aaaef31 .referenzBox { min-height: 450px;} \t\t}\n\t\t@media only screen and (max-width: 970px) {\t\n\t\t #testimonial-slider-res-testimonial-slider-block_61b0b4aaaef31.carousel { margin: 0 auto; max-width: 90%;} \t\t #testimonial-slider-res-testimonial-slider-block_61b0b4aaaef31 .referenzBox { min-height: 450px;} \t\t}\n\t\t #testimonial-slider-res-testimonial-slider-block_61b0b4aaaef31 .referenz-image img { max-width: 110px}\t\t\t\n\t  <\/style> \n\t  \n\n\n\t\t<div id=\"testimonial-slider-res-testimonial-slider-block_61b0b4aaaef31\" class=\"carousel slide\" data-ride=\"\" data-interval=\"5000\" data-pause=\"hover\">\n\n\t\t\t\t\t\t  <div class=\"carousel-inner testimonial_slide\">\n\t\t\t\t\n\t\t\t\t\t<div class=\"carousel-item\"> \n\t\t\t\t\t\t <div class=\"carousel-caption position-relative postContent referenzBox text-center d-flex align-content-center flex-wrap\">\n\t\t\t\t\t\t\t \n\t \t\t\t\t\t\t\t<div class=\"referenzBox-vcenter d-flex flex-column\">\n\t\t\t\t\t\t\t\t\t<div class=\"referenz-text position-relative \"><p>\u02f6NeuroLF ist ein dezidierter Gehirnscanner welcher die Kosten von Gehirnscans reduziert und somit dieses diagnostische Instrument besser verf\u00fcgbar macht&#8220;<\/p>\n<\/div>\n\t\t\t\t\t\t\t\t\t<div class=\"referenz-person pt-1\">Prof. em. Alfred Buck<\/div>\n\t\t\t\t\t\t\t\t\t<div class=\"referenz-firma pb-1\">Ehemaliger Leiter des NeuroPET Programms an der Universit\u00e4tsklinik Z\u00fcrich<\/div>\n\t\t\t\t\t\t\t\t\t\t\t\t\t\t\t\t\t\t<div class=\"referenz-image\">\n\t\t\t\t\t\t\t\t\t\t<img decoding=\"async\" class=\"img-fluid w-100 referenz-img referenz-image-circle\" src=\"https:\/\/www.positrigo.com\/wp-content\/uploads\/2021\/12\/DSC5607-800x800.jpeg\" alt=\"\" \/>\n\t\t\t\t\t\t\t\t\t <\/div>\n\t\t\t\t\t\t\t\t\t\t\t\t\t\t\t\t\t<\/div>\t\n\t\t\t\t\t\t\t \n\t\t\t\t\t\t   <\/div>\n\t\t\t\t\t<\/div>\n\n\t\t\t\t\n\t\t\t\t\t<div class=\"carousel-item\"> \n\t\t\t\t\t\t <div class=\"carousel-caption position-relative postContent referenzBox text-center d-flex align-content-center flex-wrap\">\n\t\t\t\t\t\t\t \n\t \t\t\t\t\t\t\t<div class=\"referenzBox-vcenter d-flex flex-column\">\n\t\t\t\t\t\t\t\t\t<div class=\"referenz-text position-relative \"><p>&#8222;Aktuell machen wir etwa 1&#8217;500 Gehirn-Scans pro Jahr und um Kapazit\u00e4tsengp\u00e4sse zu verhindern, haben wir uns f\u00fcr den Kauf das NeuroLF Systems entschieden.&#8220;<\/p>\n<\/div>\n\t\t\t\t\t\t\t\t\t<div class=\"referenz-person pt-1\">Prof. Dr. Dr. med. Matthias Brendel<\/div>\n\t\t\t\t\t\t\t\t\t<div class=\"referenz-firma pb-1\">Stv. Direktor Nuklear Medizin an der LMU Klinik<\/div>\n\t\t\t\t\t\t\t\t\t\t\t\t\t\t\t\t\t\t<div class=\"referenz-image\">\n\t\t\t\t\t\t\t\t\t\t<img decoding=\"async\" class=\"img-fluid w-100 referenz-img referenz-image-circle\" src=\"https:\/\/www.positrigo.com\/wp-content\/uploads\/2025\/03\/Matthias-Brendel-800x800.jpg\" alt=\"\" \/>\n\t\t\t\t\t\t\t\t\t <\/div>\n\t\t\t\t\t\t\t\t\t\t\t\t\t\t\t\t\t<\/div>\t\n\t\t\t\t\t\t\t \n\t\t\t\t\t\t   <\/div>\n\t\t\t\t\t<\/div>\n\n\t\t\t\t\n\t\t\t\t\t<div class=\"carousel-item\"> \n\t\t\t\t\t\t <div class=\"carousel-caption position-relative postContent referenzBox text-center d-flex align-content-center flex-wrap\">\n\t\t\t\t\t\t\t \n\t \t\t\t\t\t\t\t<div class=\"referenzBox-vcenter d-flex flex-column\">\n\t\t\t\t\t\t\t\t\t<div class=\"referenz-text position-relative \"><p id=\"tw-target-text\" class=\"tw-data-text tw-text-large tw-ta\" dir=\"ltr\" tabindex=\"-1\" role=\"text\" data-placeholder=\"\u00dcbersetzung\" data-ved=\"2ahUKEwi0jfvLiPeRAxX4xgIHHVFfL3AQ3ewLegQIDBAW\" aria-label=\"\u00dcbersetzter Text: \u201eWir freuen uns darauf, das NeuroLF-System in unsere Arbeit zur Weiterentwicklung der Hirnbildgebung in Italien zu integrieren.\u201c\"><span class=\"Y2IQFc\" lang=\"de\">&#8222;Wir freuen uns darauf, das NeuroLF System in unsere Arbeit zur Weiterentwicklung der Hirnbildgebung in Italien zu integrieren.\u201c<\/span><\/p>\n<\/div>\n\t\t\t\t\t\t\t\t\t<div class=\"referenz-person pt-1\">Prof. Gianmario Sambuceti<\/div>\n\t\t\t\t\t\t\t\t\t<div class=\"referenz-firma pb-1\">Leiter der Nuklearmedizin und wissenschaftlicher Leiter des PET-Zentrums am Universit\u00e4tsklinikum Genua<\/div>\n\t\t\t\t\t\t\t\t\t\t\t\t\t\t\t\t\t\t<div class=\"referenz-image\">\n\t\t\t\t\t\t\t\t\t\t<img decoding=\"async\" class=\"img-fluid w-100 referenz-img referenz-image-circle\" src=\"https:\/\/www.positrigo.com\/wp-content\/uploads\/2025\/12\/maxresdefault-800x800.jpg\" alt=\"\" \/>\n\t\t\t\t\t\t\t\t\t <\/div>\n\t\t\t\t\t\t\t\t\t\t\t\t\t\t\t\t\t<\/div>\t\n\t\t\t\t\t\t\t \n\t\t\t\t\t\t   <\/div>\n\t\t\t\t\t<\/div>\n\n\t\t\t\t\n\t\t\t\t\t<div class=\"carousel-item\"> \n\t\t\t\t\t\t <div class=\"carousel-caption position-relative postContent referenzBox text-center d-flex align-content-center flex-wrap\">\n\t\t\t\t\t\t\t \n\t \t\t\t\t\t\t\t<div class=\"referenzBox-vcenter d-flex flex-column\">\n\t\t\t\t\t\t\t\t\t<div class=\"referenz-text position-relative \"><p>\u201cNach der Begutachtung der ersten Gehirn-Bilder des NeuroLF System bin ich beeindruckt von der Qualit\u00e4t dieser Bilder&#8220;<\/p>\n<\/div>\n\t\t\t\t\t\t\t\t\t<div class=\"referenz-person pt-1\">Prof. Dr. Henryk Barthel<\/div>\n\t\t\t\t\t\t\t\t\t<div class=\"referenz-firma pb-1\">Universit\u00e4tsklinik Leipzig, Deutschland<\/div>\n\t\t\t\t\t\t\t\t\t\t\t\t\t\t\t\t\t\t<div class=\"referenz-image\">\n\t\t\t\t\t\t\t\t\t\t<img decoding=\"async\" class=\"img-fluid w-100 referenz-img referenz-image-circle\" src=\"https:\/\/www.positrigo.com\/wp-content\/uploads\/2024\/04\/Henryk-Barthel-800x800.jpg\" alt=\"\" \/>\n\t\t\t\t\t\t\t\t\t <\/div>\n\t\t\t\t\t\t\t\t\t\t\t\t\t\t\t\t\t<\/div>\t\n\t\t\t\t\t\t\t \n\t\t\t\t\t\t   <\/div>\n\t\t\t\t\t<\/div>\n\n\t\t\t\t\t\t\t <\/div>\n\t\t\t\n\t\t\t\n\t\t\t\t\t\n\t\t\t  <a class=\"carousel-control-prev\" href=\"#testimonial-slider-res-testimonial-slider-block_61b0b4aaaef31\" role=\"button\" data-slide=\"prev\">\n\t\t\t\t<span class=\"carousel-control-prev-icon\" aria-hidden=\"true\"><\/span>\n\t\t\t\t<span class=\"sr-only\">Previous<\/span>\n\t\t\t  <\/a>\n\t\t\t  <a class=\"carousel-control-next\" href=\"#testimonial-slider-res-testimonial-slider-block_61b0b4aaaef31\" role=\"button\" data-slide=\"next\">\n\t\t\t\t<span class=\"carousel-control-next-icon\" aria-hidden=\"true\"><\/span>\n\t\t\t\t<span class=\"sr-only\">Next<\/span>\n\t\t\t  <\/a>\n\t\t\t\t\t\t\n\t\t\t\t\t\t\t<ol class=\"carousel-indicators\">\n\t\t\t\t  \t\t\t\t  \t\t\t\t  <li data-target=\"#testimonial-slider-4019\" data-slide-to=\"0\" class=\"\"><\/li>\n\t\t\t\t  \t\t\t\t  <li data-target=\"#testimonial-slider-4019\" data-slide-to=\"1\" class=\"\"><\/li>\n\t\t\t\t  \t\t\t\t  <li data-target=\"#testimonial-slider-4019\" data-slide-to=\"2\" class=\"\"><\/li>\n\t\t\t\t  \t\t\t\t  <li data-target=\"#testimonial-slider-4019\" data-slide-to=\"3\" class=\"\"><\/li>\n\t\t\t\t  \t\t\t\t  \t\t\t\t<\/ol>\n\t\t\t\n\t\t\t\n<\/div>\n\t\t\n\t\n\t\t\n<\/div>\n<\/section>\n\n\n\n\n<section id=\"res-txt-block_61b8689479053\" class=\"res-block res-txt layout01 py-4\" style=\"background: transparent;\">\n  <div class=\"inner-container container-off\" data-aos=\"res-fadeIn\">\n \n\t\t  \n\t\t \t  \n      \n      <div class=\"layout-1 txt-section\">\n\t\t<div class=\"row\">\t\n\t\t\t\n\t\t\n\t\t\t<div class=\"col-md-12 var-1spalten mx-auto text-center\">\n\t\t\t\t\n\t\t\t\t<div class=\"txt-title-field\">\n\t\n\t\t\t\t\t\n\n\t\t\t\t  \n\t\t\t\t\t<h2>Haben Sie Fragen?<\/h2>\n\t\t\t\t\n\t\t\t\t \n\t\t\t\t   <h3>Vielleicht hilft unser Fragekatalog weiter<\/h3>\n\t\t\t\t\t\n\t\t\t\t\t \n\t\t\t\t\t<\/div> \n\t\t\t\t\t\n\t\t\t\t\t<div class=\"txt-textfield postContent pt-md-2\">\n\t\t\t\t\t\t\t\n\t\t\t\t\t<\/div> \n\t\t\t\t\t\n\t\t\t\t\t <div class=\"txt-textfield-btns pt-2 mx-auto text-center\">\n\t\t\t\t\t\t   \n\t\t\t\t\t\t\t\t\t\t\t\t\t\t\t<a class=\"btn  btn-primary \" href=\"https:\/\/www.positrigo.com\/de\/faq\/\" target=\"_self\">mehr<\/a>\n\t\t\t\t\t\t\t\t\t\t\t\t\t \n\t\t\t\t\t<\/div> \n\t\t\t\t\n\t\t\t\t\t\t\n\t\n\t\t\t\t<\/div>\n\n\t\t \n\t\t\t\n\t\t\t\n\t\t\t\n\n\t\t\t\t\t\n\t\t <\/div> \t\n\t\t<\/div>\n\t \n\t  \n \n \n\t<\/div>\n<\/section>\n\n\n\n\n\n\n\n\n\n<section id=\"res-header-image-block_619c9deb44f89\" class=\"res-block res-header-image alignfull\">\n  <div class=\"res-header-img-outside m-no\" data-aos=\"res-fadeIn\">\n\t<div class=\"res-header-height\">\n\t\t\n\t\n\t  <style> \n\t\t  @media only screen and (min-width: 970px) {\n\t\t\t #res-header-image-block_619c9deb44f89.res-header-image .layout-1.header-img-height { height: 75vh;}  \n\t\t\t #res-header-image-block_619c9deb44f89.res-header-image .layout-1 .res-header-image-vertical-center { top: 60%;} \n\t\t\t   \n\t\t  }\n\t\t  @media only screen and (max-width: 970px) {  \n\t\t\t#res-header-image-block_619c9deb44f89.res-header-image .layout-1.header-img-height { height: 75vh;} \n\t\t\t#res-header-image-block_619c9deb44f89.res-header-image .layout-1 .res-header-image-vertical-center { top: 55%;} \n\t\t\t    \n\t\t\t  \t\t  }\n\t\t   \n\t\t\t  @media only screen and (min-width: 1280px) {\n\t\t\t\t#res-header-image-block_619c9deb44f89.res-header-image .layout-1 .sloganBox {font-size: 100%;}\t\t\t\t\t\t\t\t#res-header-image-block_619c9deb44f89.res-header-image .layout-1 h2 {font-size: 300%; line-height: 105%;} \n\t\t\t\t\t\t\t\t\t\t\t  }   \n\t\t \t  <\/style> \n\t\t\n\t  <div class=\"layout-1 jarallax header-img-height\" data-speed=\"0.6\" style=\"background-color: #000;\">\n\t\t  \n\t\t\t\t<div class=\"res-header-image-vertical-center\">\n\t\t\t\t\t<div class=\"container-fluid\">\n\t\t\t\t\t\t\n\t\t\t\t\t\t<div class=\"sloganBox\">\n                           <div class=\"row\">\n                             <div class=\"col col-md-6 text-left\">\n\t\t\t\t\t\t\t\t <div class=\"sloganbox-background \" data-aos=\"res-fadeIn\">\n\t\t\t\t\t\t\t\t \n                                \t\n\t\t\t\t\t\t\t\t \n                                  \n\t\t\t\t\t\t\t\t \t<h2>Interessiert an einer Pr\u00e4sentation?<\/h2>\n                                \t\t\t\t\t\t\t\t \n                                                                   <h3>Wir freuen uns Ihnen unsere Technologie entweder virtuell oder vor Ort zu zeigen.<\/h3>\n                                \t\n\t\t\t\t\t\t\t\t \n\t\t\t\t\t\t\t\t\t\n\n\t\t\t\t\t\t\t\t   \n\t\t\t\t\t\t\t\t\t\t\t\t\t\t\t\t\t\t\t<a class=\"btn btn-sm btn-primary \" href=\"https:\/\/www.positrigo.com\/de\/contact\/\" target=\"_self\">Kontaktieren Sie uns<\/a>\t\t\t\t\t\t\t\t\n\t\t\t\t\t\t\t\t\t\t\t\t\t\t\t\t\t\t\t\t\t\t\t\t\t \t\n\t\t\t\t\t\t\t\t\t<\/div>\n\t\t\t\t                 <\/div>\n\t\t\t\t\t\t\t<\/div>\n\t\t\t\t\t\t<\/div>\n\n\t\t\t\t\t<\/div>\n\t\t\t\t<\/div>\n\t\t\t\t\n                                            <img decoding=\"async\" class=\"jarallax-img img-fluid\" src=\"https:\/\/www.positrigo.com\/wp-content\/uploads\/2026\/03\/NeuroLF-blue-background-1920x1080.jpg\"  style=\"opacity: 0.9;\" alt=\"\"\/>\n                    \t\t  \n\t\t\t\t\n\t\t   <\/div>\n\t\t\t \n\t \n\n\n\t\t<\/div>\n\t<\/div>\n<\/section>\t","protected":false},"excerpt":{"rendered":"","protected":false},"author":1,"featured_media":0,"parent":0,"menu_order":0,"comment_status":"closed","ping_status":"closed","template":"","meta":{"content-type":"","footnotes":""},"class_list":["post-4019","page","type-page","status-publish","hentry"],"_links":{"self":[{"href":"https:\/\/www.positrigo.com\/de\/wp-json\/wp\/v2\/pages\/4019","targetHints":{"allow":["GET"]}}],"collection":[{"href":"https:\/\/www.positrigo.com\/de\/wp-json\/wp\/v2\/pages"}],"about":[{"href":"https:\/\/www.positrigo.com\/de\/wp-json\/wp\/v2\/types\/page"}],"author":[{"embeddable":true,"href":"https:\/\/www.positrigo.com\/de\/wp-json\/wp\/v2\/users\/1"}],"replies":[{"embeddable":true,"href":"https:\/\/www.positrigo.com\/de\/wp-json\/wp\/v2\/comments?post=4019"}],"version-history":[{"count":49,"href":"https:\/\/www.positrigo.com\/de\/wp-json\/wp\/v2\/pages\/4019\/revisions"}],"predecessor-version":[{"id":10630,"href":"https:\/\/www.positrigo.com\/de\/wp-json\/wp\/v2\/pages\/4019\/revisions\/10630"}],"wp:attachment":[{"href":"https:\/\/www.positrigo.com\/de\/wp-json\/wp\/v2\/media?parent=4019"}],"curies":[{"name":"wp","href":"https:\/\/api.w.org\/{rel}","templated":true}]}}