{"id":4021,"date":"2022-02-02T17:10:28","date_gmt":"2022-02-02T16:10:28","guid":{"rendered":"https:\/\/www.positrigo.com\/research\/"},"modified":"2022-03-01T17:57:58","modified_gmt":"2022-03-01T16:57:58","slug":"research","status":"publish","type":"page","link":"https:\/\/www.positrigo.com\/de\/research\/","title":{"rendered":"Forschung"},"content":{"rendered":"\n\n<section id=\"res-text-bild-block_61a62b123d5be\" class=\"res-block res-text-bild alignwide layout01 py-4\" style=\"background: transparent;\">\n  <div class=\"inner-container container-off\" data-aos=\"res-fadeIn\">\n\n\t\t\t  <style>\n\t\t\t @media only screen and (min-width: 970px) {\n\t\t\t  #res-text-bild-block_61a62b123d5be.res-text-bild .layout-1 .txt-imagebox.offset-md-1 {margin-left: 5%;}\n\t\t\t  #res-text-bild-block_61a62b123d5be.res-text-bild .layout-1 .txt-box.offset-md-1 {margin-left: 5%;}\n\t\t\t}\n\t\t\t \n\t\t  <\/style>\n\n\n        <div class=\"layout-1 row flex-row-reverse\">\n\t\t\t<div class=\"col-md-7 txt-box offset-md-1\">\n\n\n\t\t\t\t\t\t\t   <h1>Forschung<\/h1>\n\t\t\t\t\n\t\t\t\t\t\t\t\t\n\t\t\t\t\n\n\t\t\t\t <div class=\"txt-text postContent pt-2 pt-md-1\">\n\t\t\t\t\t\t\t\t\t\t  <p>Gehirn PET ist ein wichtiges Instrument zur Erforschung gesunder und pathologischer Gehirnfunktionen. Wir f\u00fchlen uns geehrt, Forscher weltweit in ihrem Bestreben zu unterst\u00fctzen, neue Behandlungsmethoden f\u00fcr Erkrankungen des Gehirns zu finden und zu testen.<\/p>\n\t\t\t\t\t\n\t\t\t\t\t \n\t\t\t\t\t\t\t\t\t\t  <p class=\"txt-arrow pt-1 pl-md-2\"><a class=\"scrollerTo\" href=\"#sektion02\"><i class=\"fal fa-chevron-down\" aria-hidden=\"true\"><\/i><\/a><\/p>\n\t\t\t\t\t\n\t\t\t\t<\/div>\n\n\n\t\t\t<\/div>\n\n\t\t\t<div class=\"col-md mb-2 mt-md-1 txt-imagebox \">\n\t\t\t\t\t\t\t\t\t\t<img loading=\"lazy\" decoding=\"async\" width=\"800\" height=\"800\" src=\"https:\/\/www.positrigo.com\/wp-content\/uploads\/2022\/01\/brain-research-hero-800x800.png\" class=\"img-fluid w-100 txt-img\" alt=\"\" srcset=\"https:\/\/www.positrigo.com\/wp-content\/uploads\/2022\/01\/brain-research-hero-800x800.png 800w, https:\/\/www.positrigo.com\/wp-content\/uploads\/2022\/01\/brain-research-hero-150x150.png 150w\" sizes=\"auto, (max-width: 800px) 100vw, 800px\" \/>\t\t\t\t\t\t\t<\/div>\n\n\t\t<\/div>\n\n\n\t\n\t<\/div>\n<\/section>\n\n\n\n\n<section id=\"sektion02\" >\n\t\t\t\n\t\t\n<\/section>","protected":false},"excerpt":{"rendered":"","protected":false},"author":4,"featured_media":0,"parent":0,"menu_order":0,"comment_status":"closed","ping_status":"closed","template":"","meta":{"content-type":"","footnotes":""},"class_list":["post-4021","page","type-page","status-publish","hentry"],"_links":{"self":[{"href":"https:\/\/www.positrigo.com\/de\/wp-json\/wp\/v2\/pages\/4021","targetHints":{"allow":["GET"]}}],"collection":[{"href":"https:\/\/www.positrigo.com\/de\/wp-json\/wp\/v2\/pages"}],"about":[{"href":"https:\/\/www.positrigo.com\/de\/wp-json\/wp\/v2\/types\/page"}],"author":[{"embeddable":true,"href":"https:\/\/www.positrigo.com\/de\/wp-json\/wp\/v2\/users\/4"}],"replies":[{"embeddable":true,"href":"https:\/\/www.positrigo.com\/de\/wp-json\/wp\/v2\/comments?post=4021"}],"version-history":[{"count":3,"href":"https:\/\/www.positrigo.com\/de\/wp-json\/wp\/v2\/pages\/4021\/revisions"}],"predecessor-version":[{"id":4144,"href":"https:\/\/www.positrigo.com\/de\/wp-json\/wp\/v2\/pages\/4021\/revisions\/4144"}],"wp:attachment":[{"href":"https:\/\/www.positrigo.com\/de\/wp-json\/wp\/v2\/media?parent=4021"}],"curies":[{"name":"wp","href":"https:\/\/api.w.org\/{rel}","templated":true}]}}