{"id":4130,"date":"2021-12-09T12:44:03","date_gmt":"2021-12-09T11:44:03","guid":{"rendered":"https:\/\/www.positrigo.com\/technical-maintenance\/"},"modified":"2026-03-30T15:16:44","modified_gmt":"2026-03-30T13:16:44","slug":"technical-maintenance","status":"publish","type":"page","link":"https:\/\/www.positrigo.com\/de\/technical-maintenance\/","title":{"rendered":"Technische Dienstleistungen"},"content":{"rendered":"\n\n<section id=\"res-text-bild-block_61a62b123d5be\" class=\"res-block res-text-bild alignwide layout01 py-4\" style=\"background: transparent;\">\n  <div class=\"inner-container container-off\" data-aos=\"res-fadeIn\">\n\n\t\t\t  <style>\n\t\t\t @media only screen and (min-width: 970px) {\n\t\t\t  #res-text-bild-block_61a62b123d5be.res-text-bild .layout-1 .txt-imagebox.offset-md-1 {margin-left: 5%;}\n\t\t\t  #res-text-bild-block_61a62b123d5be.res-text-bild .layout-1 .txt-box.offset-md-1 {margin-left: 5%;}\n\t\t\t}\n\t\t\t \n\t\t  <\/style>\n\n\n        <div class=\"layout-1 row flex-row-reverse\">\n\t\t\t<div class=\"col-md-7 txt-box offset-md-1\">\n\n\n\t\t\t\t\t\t\t   <h1>Technische Dienstleistungen<\/h1>\n\t\t\t\t\n\t\t\t\t\t\t\t\t\n\t\t\t\t\n\n\t\t\t\t <div class=\"txt-text postContent pt-2 pt-md-1\">\n\t\t\t\t\t\t\t\t\t\t  <p>Unser\u00a0 Service geht \u00fcber die reine Wartung hinaus. Wir verstehen, dass die technische Unterst\u00fctzung den Unterschied in Ihrem t\u00e4glichen Betrieb ausmachen kann. Deshalb entwickeln wir unser Angebot st\u00e4ndig weiter und arbeiten mit Ihnen zusammen, um die Effizienz zu steigern und die klinischen Ergebnisse zu optimieren. Besonderes Augenmerk legen wir darauf, unser digitales Angebot um neue Dienstleistungen zu erweitern, um Ihre technischen Anforderungen besser und schneller erf\u00fcllen zu k\u00f6nnen.<\/p>\n\t\t\t\t\t\n\t\t\t\t\t \n\t\t\t\t\t\t\t\t\t\t  <p class=\"txt-arrow pt-1 pl-md-2\"><a class=\"scrollerTo\" href=\"#sektion02\"><i class=\"fal fa-chevron-down\" aria-hidden=\"true\"><\/i><\/a><\/p>\n\t\t\t\t\t\n\t\t\t\t<\/div>\n\n\n\t\t\t<\/div>\n\n\t\t\t<div class=\"col-md mb-2 mt-md-1 txt-imagebox \">\n\t\t\t\t\t\t\t\t\t\t<img loading=\"lazy\" decoding=\"async\" width=\"800\" height=\"800\" src=\"https:\/\/www.positrigo.com\/wp-content\/uploads\/2026\/03\/Service_Image-800x800.jpg\" class=\"img-fluid w-100 txt-img\" alt=\"\" srcset=\"https:\/\/www.positrigo.com\/wp-content\/uploads\/2026\/03\/Service_Image-800x800.jpg 800w, https:\/\/www.positrigo.com\/wp-content\/uploads\/2026\/03\/Service_Image-150x150.jpg 150w\" sizes=\"auto, (max-width: 800px) 100vw, 800px\" \/>\t\t\t\t\t\t\t<\/div>\n\n\t\t<\/div>\n\n\n\t\n\t<\/div>\n<\/section>\n\n\n\n\n<section id=\"sektion02\" >\n\t\t\t\n\t\t\n<\/section>\n\n\n\n<section id=\"res-txt-block_61b1e87fadfec\" class=\"res-block res-txt alignfull layout03 pt-4\" style=\"background-color: #f2f2f2;\">\n  <div class=\"inner-container container-wide\" data-aos=\"res-fadeIn\">\n \n\t\t  \n\t<div class=\"layout-3 title-only-section \">\n\t\t<div class=\"row\">\t\n\t\t\t\n\t\t\t\n\t\t  \n\t\t\t\n\t\t\t\n\t\t\t<div class=\"col-md-12 var-1spalten text-left \">\n\t\t\t\t\n\t\t\t\t<div class=\"txt-title-field \">\n\t\n\t\t\t\t\t\n\n\t\t\t\t  \n\t\t\t\t\t<h2>Welches Service Programm ist das richtige f\u00fcr Sie?<\/h2>\n\t\t\t\t\n\t\t\t\t\t\n\t\t\t\t\t \n\t\t\t\t\t<\/div> \n\t\t\t\t\t\n\t\t\t\t\n\t\t\t\t\t <div class=\"title-only-btns  \">\n\t\t\t\t\t\t  \n\t\t\t\t\t<\/div> \n\t\t\t\t\n\t\t\t\t\t\t\n\t\n\t\t\t\t<\/div>\n\t\t\t<\/div>\n\t\t<\/div>\n\n  \n\t \n\t  \n \n \n\t<\/div>\n<\/section>\n\n\n\n\n\n<section id=\"res-txt-block_61b1eaaf7e157\" class=\"res-block res-txt alignfull layout02 pb-4\" style=\"background-color: #f2f2f2;\">\n  <div class=\"inner-container container-wide\" data-aos=\"res-fadeIn\">\n \n\t\t  \n\t\t  <style>\n\t\t @media only screen and (min-width: 970px) {\n\t\t  #res-txt-block_61b1eaaf7e157.res-txt .layout-2 .spalten-abstand { margin-right: 9%;} \n\t  <\/style>\n\t      \n    <div class=\"layout-2 txt-editor-spalten\">\n     <div class=\"row row-cols-1 row-cols-md- no-gutters\">\n\t \n\t\t \n        <!--   Spaltentext Loop Row  -->\n                                   <div class=\"col\">\n                     <div class=\"postContent\">\n\n                    <!--  Spalten Repeater  -->\n                                           \n                      <div class=\"row text-spalten-Box no-gutters \"> \n\n                            <div class=\"col-md-7 text-spalten-spalte01\">\n                                <div class=\"spalten-abstand\">\n                                <p>Um die optimale Leistung des NeuroLF Systems aufrechtzuerhalten, ist eine j\u00e4hrliche vorbeugende Wartung durch einen zertifizierten Servicetechniker erforderlich. Jedes NeuroLF System wird mit einer einj\u00e4hrigen Werkgarantie geliefert und beinhaltet einen kostenlosen vorbeugenden Wartungstermin nach den ersten 12 Monaten. Nach Ablauf der Werkgarantiezeit bieten wir die Wahl zwischen zwei j\u00e4hrlichen Serviceprogrammen, um das NeuroLF System auf H\u00f6chstleistung zu halten:<\/p>\n                                <\/div>     \n                            <\/div>\n\n                            <div class=\"col-md text-spalten-spalte02\">\n                              <p><strong>Komplettes Service Programm<\/strong><\/p>\n<ul>\n<li>Deckt alle Kosten f\u00fcr den technischen Service ab<\/li>\n<li>Umfasst die j\u00e4hrliche Wartungsinspektion<\/li>\n<li>Garantiert maximale Verf\u00fcgbarkeit des NeuroLF Systems<\/li>\n<\/ul>\n<p><strong>Vorbeugendes Service Programm<\/strong><\/p>\n<ul>\n<li>Umfasst die j\u00e4hrliche Wartungsinspektion<\/li>\n<\/ul>\n                            <\/div>\n\n                      <\/div>\t\t\t\n\n                                           \n                    <\/div>\n                 <\/div>\n\n                        \n\n            <\/div> \n        <\/div>  \n\t \n\t  \n \n \n\t<\/div>\n<\/section>\n\n","protected":false},"excerpt":{"rendered":"","protected":false},"author":1,"featured_media":0,"parent":0,"menu_order":0,"comment_status":"closed","ping_status":"closed","template":"","meta":{"content-type":"","footnotes":""},"class_list":["post-4130","page","type-page","status-publish","hentry"],"_links":{"self":[{"href":"https:\/\/www.positrigo.com\/de\/wp-json\/wp\/v2\/pages\/4130","targetHints":{"allow":["GET"]}}],"collection":[{"href":"https:\/\/www.positrigo.com\/de\/wp-json\/wp\/v2\/pages"}],"about":[{"href":"https:\/\/www.positrigo.com\/de\/wp-json\/wp\/v2\/types\/page"}],"author":[{"embeddable":true,"href":"https:\/\/www.positrigo.com\/de\/wp-json\/wp\/v2\/users\/1"}],"replies":[{"embeddable":true,"href":"https:\/\/www.positrigo.com\/de\/wp-json\/wp\/v2\/comments?post=4130"}],"version-history":[{"count":11,"href":"https:\/\/www.positrigo.com\/de\/wp-json\/wp\/v2\/pages\/4130\/revisions"}],"predecessor-version":[{"id":10566,"href":"https:\/\/www.positrigo.com\/de\/wp-json\/wp\/v2\/pages\/4130\/revisions\/10566"}],"wp:attachment":[{"href":"https:\/\/www.positrigo.com\/de\/wp-json\/wp\/v2\/media?parent=4130"}],"curies":[{"name":"wp","href":"https:\/\/api.w.org\/{rel}","templated":true}]}}